{"id":13765,"date":"2022-02-03T14:15:56","date_gmt":"2022-02-03T14:15:56","guid":{"rendered":"https:\/\/islands4you.pt\/datenschutzrichtlinie\/"},"modified":"2025-04-12T20:00:59","modified_gmt":"2025-04-12T20:00:59","slug":"datenschutzrichtlinie","status":"publish","type":"page","link":"https:\/\/islands4you.pt\/de\/datenschutzrichtlinie\/","title":{"rendered":"Datenschutzrichtlinie"},"content":{"rendered":"\n<p id=\"a-sua-privacidade-e-importante-para-nos-e-politica-da-islands-4-you-t-n-lda-respeitar-a-sua-privacidade-em-relacao-a-qualquer-informacao-sua-que-possamos-coletar-no-site-www-islands4you-pt-e-outros-sites-que-possuimos-e-operamos\">Ihre Privatsph\u00e4re ist uns wichtig. Islands 4 you T.N. Lda. respektiert Ihre Privatsph\u00e4re in Bezug auf alle Informationen, die wir \u00fcber unsere Website, www.islands4you.pt, und andere Websites, die wir besitzen und betreiben, von Ihnen sammeln.  <\/p>\n\n<p>Wir fragen nur dann nach pers\u00f6nlichen Informationen, wenn wir sie wirklich ben\u00f6tigen, um Ihnen einen Service zu bieten. Wir tun dies mit fairen und rechtm\u00e4\u00dfigen Mitteln, mit Ihrem Wissen und Ihrer Zustimmung. Wir sagen Ihnen auch, warum wir die Daten sammeln und wie sie verwendet werden.  <\/p>\n\n<p>Wir speichern die erfassten Daten nur so lange, wie es f\u00fcr die Erbringung der angeforderten Dienstleistung erforderlich ist. Wenn wir Daten speichern, sch\u00fctzen wir sie mit kommerziell vertretbaren Mitteln, um Verlust und Diebstahl sowie unbefugten Zugriff, Offenlegung, Kopieren, Verwendung oder \u00c4nderung zu verhindern. <\/p>\n\n<p>Wir geben keine pers\u00f6nlich identifizierbaren Informationen an die \u00d6ffentlichkeit oder an Dritte weiter, es sei denn, wir werden von den Beh\u00f6rden dazu aufgefordert.<\/p>\n\n<p>Unsere Website kann Links zu externen Websites enthalten, die nicht von uns betrieben werden. Bitte beachten Sie, dass wir keine Kontrolle \u00fcber die Inhalte und Praktiken dieser Websites haben und nicht f\u00fcr deren Datenschutzrichtlinien verantwortlich sind. <\/p>\n\n<p>Es steht Ihnen frei, unsere Anfrage nach pers\u00f6nlichen Daten abzulehnen, da wir dann m\u00f6glicherweise nicht in der Lage sind, einige der von Ihnen gew\u00fcnschten Dienstleistungen zu erbringen.<\/p>\n\n<p>Wenn Sie unsere Website weiterhin nutzen, gehen wir davon aus, dass Sie unsere Praktiken in Bezug auf Datenschutz und pers\u00f6nliche Daten akzeptieren. Wenn Sie Fragen dazu haben, wie wir mit den von Ihnen bereitgestellten Daten und pers\u00f6nlichen Informationen umgehen, kontaktieren Sie uns bitte. <\/p>\n\n<h2 class=\"wp-block-heading\" id=\"politica-de-cookies\"><strong>Cookie-Richtlinie  <\/strong><\/h2>\n\n<h3 class=\"wp-block-heading\" id=\"o-que-sao-cookies\"> <strong>Was sind Cookies?<\/strong><\/h3>\n\n<p>Wie bei fast allen professionellen Websites \u00fcblich, verwendet auch diese Website Cookies, d.h. kleine Dateien, die auf Ihrem Computer gespeichert werden, um Ihr Erlebnis zu verbessern. Auf dieser Seite wird beschrieben, welche Informationen sie sammeln, wie wir sie verwenden und warum wir diese Cookies manchmal speichern m\u00fcssen. Wir teilen Ihnen auch mit, wie Sie die Speicherung dieser Cookies verhindern k\u00f6nnen. Dies kann jedoch dazu f\u00fchren, dass bestimmte Elemente der Website nicht mehr funktionieren.  <\/p>\n\n<h3 class=\"wp-block-heading\">\u00a0<\/h3>\n\n<h3 class=\"wp-block-heading\" id=\"como-utilizamos-os-cookies\"><strong>Wie verwenden wir Cookies?<\/strong><\/h3>\n\n<p>Wir verwenden Cookies aus verschiedenen Gr\u00fcnden, die im Folgenden erl\u00e4utert werden. Leider gibt es in den meisten F\u00e4llen keine branchen\u00fcblichen Optionen zur Deaktivierung von Cookies, ohne die Funktionen und Merkmale, die sie dieser Website hinzuf\u00fcgen, vollst\u00e4ndig zu deaktivieren. Wir empfehlen Ihnen, alle Cookies zuzulassen, wenn Sie nicht sicher sind, ob Sie sie ben\u00f6tigen oder nicht, falls sie f\u00fcr einen von Ihnen genutzten Dienst verwendet werden.  <\/p>\n\n<h3 class=\"wp-block-heading\">\u00a0<\/h3>\n\n<h3 class=\"wp-block-heading\" id=\"desativar-cookies\"><strong>Cookies deaktivieren<\/strong><\/h3>\n\n<p>Sie k\u00f6nnen das Setzen von Cookies verhindern, indem Sie die Einstellungen Ihres Browsers anpassen (siehe dazu die Hilfe Ihres Browsers). Bitte beachten Sie, dass die Deaktivierung von Cookies die Funktionalit\u00e4t dieser und vieler anderer Websites, die Sie besuchen, beeintr\u00e4chtigen wird. Die Deaktivierung von Cookies f\u00fchrt im Allgemeinen zur Deaktivierung bestimmter Funktionen und Merkmale dieser Website. Es wird daher empfohlen, dass Sie Cookies nicht deaktivieren.   <\/p>\n\n<h3 class=\"wp-block-heading\">\u00a0<\/h3>\n\n<h3 class=\"wp-block-heading\" id=\"cookies-que-definimos\"><strong>Cookies, die wir setzen<\/strong><\/h3>\n\n<ul class=\"wp-block-list\"><li>Cookies f\u00fcr die Auftragsabwicklung<br\/><br\/>Diese Website bietet E-Commerce- oder Zahlungsm\u00f6glichkeiten, und einige Cookies sind unerl\u00e4sslich, um sicherzustellen, dass Ihre Bestellung zwischen den Seiten gespeichert wird, damit wir sie ordnungsgem\u00e4\u00df bearbeiten k\u00f6nnen.<\/li><li>Suchbezogene Cookies<br\/><br\/>Wir bieten von Zeit zu Zeit Umfragen und Frageb\u00f6gen an, um interessante Informationen und n\u00fctzliche Tools bereitzustellen oder um unsere Nutzer besser zu verstehen. Diese Umfragen k\u00f6nnen Cookies verwenden, um sich zu merken, wer bereits an einer Umfrage teilgenommen hat oder um nach einem Seitenwechsel genaue Ergebnisse zu liefern. <\/li><li>Cookies im Zusammenhang mit Formularen<br\/><br\/>Wenn Sie Daten \u00fcber ein Formular eingeben, z. B. auf Kontaktseiten oder in Kommentarformularen, k\u00f6nnen Cookies gesetzt werden, um die Daten des Benutzers f\u00fcr zuk\u00fcnftige Korrespondenz zu speichern.<\/li><li>Cookies f\u00fcr Website-Einstellungen<br\/><br\/>Um Ihnen ein optimales Erlebnis auf dieser Website zu bieten, stellen wir Ihnen die M\u00f6glichkeit zur Verf\u00fcgung, Ihre Pr\u00e4ferenzen f\u00fcr den Betrieb dieser Website festzulegen, wenn Sie sie nutzen. Damit wir uns Ihre Pr\u00e4ferenzen merken k\u00f6nnen, m\u00fcssen wir Cookies setzen, damit diese Informationen immer dann abgerufen werden k\u00f6nnen, wenn die Interaktion mit einer Seite durch Ihre Pr\u00e4ferenzen beeinflusst wird. <\/li><\/ul>\n\n<h3 class=\"wp-block-heading\" id=\"cookies-de-terceiros\"><strong>Cookies von Dritten<\/strong><\/h3>\n\n<p>In einigen besonderen F\u00e4llen verwenden wir auch Cookies, die von vertrauensw\u00fcrdigen Drittanbietern bereitgestellt werden. Im folgenden Abschnitt erfahren Sie, auf welche Cookies von Dritten Sie auf dieser Website sto\u00dfen k\u00f6nnen. <\/p>\n\n<ul class=\"wp-block-list\"><li>Diese Website verwendet Google Analytics, eine der am weitesten verbreiteten und zuverl\u00e4ssigsten Analysel\u00f6sungen im Internet, um zu verstehen, wie Sie die Website nutzen und wie wir Ihre Erfahrung verbessern k\u00f6nnen. Diese Cookies k\u00f6nnen z. B. nachverfolgen, wie lange Sie auf der Website bleiben und welche Seiten Sie besuchen, damit wir weiterhin attraktive Inhalte anbieten k\u00f6nnen. <\/li><\/ul>\n\n<p>Weitere Informationen zu Google Analytics-Cookies finden Sie auf der offiziellen Google Analytics-Seite.<\/p>\n\n<ul class=\"wp-block-list\"><li>Analysen von Drittanbietern werden verwendet, um die Nutzung dieser Website zu verfolgen und zu messen, damit wir weiterhin attraktive Inhalte erstellen k\u00f6nnen. Diese Cookies k\u00f6nnen z. B. die Zeit, die Sie auf der Website verbringen, oder die Seiten, die Sie besuchen, nachverfolgen, was uns hilft zu verstehen, wie wir die Website verbessern k\u00f6nnen. <\/li><li>Wir testen in regelm\u00e4\u00dfigen Abst\u00e4nden neue Funktionen und nehmen subtile \u00c4nderungen am Aussehen der Website vor. Wenn wir noch neue Funktionen testen, k\u00f6nnen diese Cookies verwendet werden, um sicherzustellen, dass Sie auf der Website ein einheitliches Erlebnis haben, w\u00e4hrend wir verstehen, welche Optimierungen unsere Benutzer am meisten sch\u00e4tzen. <\/li><li>Da wir Produkte und Dienstleistungen verkaufen, ist es f\u00fcr uns wichtig, die Statistiken dar\u00fcber zu verstehen, wie viele Besucher unserer Website tats\u00e4chlich kaufen, und das ist die Art von Daten, die diese Cookies erfasst haben. Das ist wichtig f\u00fcr Sie, denn es bedeutet, dass wir genaue Gesch\u00e4ftsprognosen erstellen k\u00f6nnen, die es uns erm\u00f6glichen, unsere Werbekosten und Produkte zu analysieren, um den bestm\u00f6glichen Preis zu gew\u00e4hrleisten. <\/li><\/ul>\n\n<h3 class=\"wp-block-heading\" id=\"compromisso-do-utilizador\"><strong>Engagement der Benutzer<\/strong><\/h3>\n\n<p>Der Benutzer verpflichtet sich, die Inhalte und Informationen, die Islands 4 you T.N. Lda. auf seiner Website anbietet, angemessen zu nutzen: <\/p>\n\n<ul class=\"wp-block-list\"><li>A) Sich nicht an Aktivit\u00e4ten zu beteiligen, die illegal sind oder gegen Treu und Glauben und die \u00f6ffentliche Ordnung versto\u00dfen;<\/li><li>B) Verbreiten Sie keine Propaganda oder Inhalte rassistischer oder fremdenfeindlicher Natur, kein Gl\u00fccksspiel, keine illegale Pornographie, keine Entschuldigung f\u00fcr Terrorismus oder gegen die Menschenrechte;<\/li><li>C) keine Sch\u00e4den an den physischen (Hardware) und logischen (Software) Systemen von Islands 4 you T.N. Lda., seinen Lieferanten oder Dritten zu verursachen, keine Computerviren oder andere Hardware- oder Softwaresysteme einzuf\u00fchren oder zu verbreiten, die in der Lage sind, die vorgenannten Sch\u00e4den zu verursachen;<\/li><\/ul>\n","protected":false},"excerpt":{"rendered":"<p>Ihre Privatsph\u00e4re ist uns wichtig. Islands 4 you T.N. Lda. respektiert Ihre Privatsph\u00e4re in Bezug auf alle Informationen, die wir \u00fcber unsere Website, www.islands4you.pt, und andere Websites, die wir besitzen und betreiben, von Ihnen sammeln. Wir fragen nur dann nach pers\u00f6nlichen Informationen, wenn wir sie wirklich ben\u00f6tigen, um Ihnen einen Service zu bieten. Wir tun [&hellip;]<\/p>\n","protected":false},"author":2,"featured_media":0,"parent":0,"menu_order":0,"comment_status":"closed","ping_status":"closed","template":"","meta":{"site-sidebar-layout":"default","site-content-layout":"","ast-site-content-layout":"default","site-content-style":"default","site-sidebar-style":"default","ast-global-header-display":"","ast-banner-title-visibility":"","ast-main-header-display":"","ast-hfb-above-header-display":"","ast-hfb-below-header-display":"","ast-hfb-mobile-header-display":"","site-post-title":"","ast-breadcrumbs-content":"","ast-featured-img":"","footer-sml-layout":"","ast-disable-related-posts":"","theme-transparent-header-meta":"","adv-header-id-meta":"","stick-header-meta":"","header-above-stick-meta":"","header-main-stick-meta":"","header-below-stick-meta":"","astra-migrate-meta-layouts":"default","ast-page-background-enabled":"default","ast-page-background-meta":{"desktop":{"background-color":"","background-image":"","background-repeat":"repeat","background-position":"center center","background-size":"auto","background-attachment":"scroll","background-type":"","background-media":"","overlay-type":"","overlay-color":"","overlay-opacity":"","overlay-gradient":""},"tablet":{"background-color":"","background-image":"","background-repeat":"repeat","background-position":"center center","background-size":"auto","background-attachment":"scroll","background-type":"","background-media":"","overlay-type":"","overlay-color":"","overlay-opacity":"","overlay-gradient":""},"mobile":{"background-color":"","background-image":"","background-repeat":"repeat","background-position":"center center","background-size":"auto","background-attachment":"scroll","background-type":"","background-media":"","overlay-type":"","overlay-color":"","overlay-opacity":"","overlay-gradient":""}},"ast-content-background-meta":{"desktop":{"background-color":"var(--ast-global-color-5)","background-image":"","background-repeat":"repeat","background-position":"center center","background-size":"auto","background-attachment":"scroll","background-type":"","background-media":"","overlay-type":"","overlay-color":"","overlay-opacity":"","overlay-gradient":""},"tablet":{"background-color":"var(--ast-global-color-5)","background-image":"","background-repeat":"repeat","background-position":"center center","background-size":"auto","background-attachment":"scroll","background-type":"","background-media":"","overlay-type":"","overlay-color":"","overlay-opacity":"","overlay-gradient":""},"mobile":{"background-color":"var(--ast-global-color-5)","background-image":"","background-repeat":"repeat","background-position":"center center","background-size":"auto","background-attachment":"scroll","background-type":"","background-media":"","overlay-type":"","overlay-color":"","overlay-opacity":"","overlay-gradient":""}},"footnotes":""},"class_list":["post-13765","page","type-page","status-publish","hentry"],"_links":{"self":[{"href":"https:\/\/islands4you.pt\/de\/wp-json\/wp\/v2\/pages\/13765","targetHints":{"allow":["GET"]}}],"collection":[{"href":"https:\/\/islands4you.pt\/de\/wp-json\/wp\/v2\/pages"}],"about":[{"href":"https:\/\/islands4you.pt\/de\/wp-json\/wp\/v2\/types\/page"}],"author":[{"embeddable":true,"href":"https:\/\/islands4you.pt\/de\/wp-json\/wp\/v2\/users\/2"}],"replies":[{"embeddable":true,"href":"https:\/\/islands4you.pt\/de\/wp-json\/wp\/v2\/comments?post=13765"}],"version-history":[{"count":2,"href":"https:\/\/islands4you.pt\/de\/wp-json\/wp\/v2\/pages\/13765\/revisions"}],"predecessor-version":[{"id":13769,"href":"https:\/\/islands4you.pt\/de\/wp-json\/wp\/v2\/pages\/13765\/revisions\/13769"}],"wp:attachment":[{"href":"https:\/\/islands4you.pt\/de\/wp-json\/wp\/v2\/media?parent=13765"}],"curies":[{"name":"wp","href":"https:\/\/api.w.org\/{rel}","templated":true}]}}