{"id":9439,"date":"2022-02-04T13:26:58","date_gmt":"2022-02-04T13:26:58","guid":{"rendered":"https:\/\/islands4you.pt\/urheberrecht-und-andere-eigentumsrechte\/"},"modified":"2024-05-13T21:09:03","modified_gmt":"2024-05-13T21:09:03","slug":"urheberrecht-und-andere-eigentumsrechte","status":"publish","type":"page","link":"https:\/\/islands4you.pt\/de\/urheberrecht-und-andere-eigentumsrechte\/","title":{"rendered":"Urheberrecht und andere Eigentumsrechte"},"content":{"rendered":"\n<p id=\"o-conteudo-deste-website-incluindo-marcas-desenhos-logotipos-texto-imagens-materiais-audio-e-de-video-e-propriedade-da-islands-4-you-turismo-e-natureza-lda-a-menos-que-indicado-de-outro-modo-atraves-de-uma-referencia-a-sua-fonte-e-esta-protegido-nos-termos-gerais-de-direito-e-pela-legislacao-nacional-e-internacional-de-protecao-da-propriedade-intelectual-nao-e-permitido-exibir-reproduzir-distribuir-modificar-transmitir-ou-usar-os-conteudos-de-forma-alguma-para-nenhum-proposito-publico-ou-comercial-sem-o-previo-e-expresso-consentimento-por-escrito\">Der Inhalt dieser Website, einschlie\u00dflich Marken, Designs, Logos, Texte, Bilder, Audio- und Videomaterialien, ist Eigentum von Islands 4 You Turismo e Natureza, Lda, sofern durch einen Verweis auf die Quelle nichts anderes angegeben ist, und ist durch die gesch\u00fctzt Allgemeine Rechtsbestimmungen sowie nationale und internationale Gesetze zum Schutz des geistigen Eigentums. Es ist nicht gestattet, die Inhalte ohne vorherige ausdr\u00fcckliche schriftliche Zustimmung anzuzeigen, zu vervielf\u00e4ltigen, zu verbreiten, zu ver\u00e4ndern, zu \u00fcbertragen oder in irgendeiner Weise f\u00fcr \u00f6ffentliche oder kommerzielle Zwecke zu nutzen.<\/p>\n\n<p>Der Benutzer darf jedoch jeden Auszug des auf diesen Websites enthaltenen Materials ausdrucken, solange er in keiner Weise ver\u00e4ndert wird, sei es f\u00fcr den pers\u00f6nlichen und nicht kommerziellen Gebrauch, einschlie\u00dflich der Angabe der Quelle und des Urheberrechts, und solange ein anderer Hinweis Eigentum ist wird nicht entfernt.<\/p>\n","protected":false},"excerpt":{"rendered":"<p>Der Inhalt dieser Website, einschlie\u00dflich Marken, Designs, Logos, Texte, Bilder, Audio- und Videomaterialien, ist Eigentum von Islands 4 You Turismo e Natureza, Lda, sofern durch einen Verweis auf die Quelle nichts anderes angegeben ist, und ist durch die gesch\u00fctzt Allgemeine Rechtsbestimmungen sowie nationale und internationale Gesetze zum Schutz des geistigen Eigentums. Es ist nicht gestattet, [&hellip;]<\/p>\n","protected":false},"author":2,"featured_media":0,"parent":0,"menu_order":0,"comment_status":"closed","ping_status":"closed","template":"","meta":{"site-sidebar-layout":"default","site-content-layout":"","ast-site-content-layout":"default","site-content-style":"default","site-sidebar-style":"default","ast-global-header-display":"","ast-banner-title-visibility":"","ast-main-header-display":"","ast-hfb-above-header-display":"","ast-hfb-below-header-display":"","ast-hfb-mobile-header-display":"","site-post-title":"","ast-breadcrumbs-content":"","ast-featured-img":"","footer-sml-layout":"","ast-disable-related-posts":"","theme-transparent-header-meta":"","adv-header-id-meta":"","stick-header-meta":"","header-above-stick-meta":"","header-main-stick-meta":"","header-below-stick-meta":"","astra-migrate-meta-layouts":"default","ast-page-background-enabled":"default","ast-page-background-meta":{"desktop":{"background-color":"","background-image":"","background-repeat":"repeat","background-position":"center center","background-size":"auto","background-attachment":"scroll","background-type":"","background-media":"","overlay-type":"","overlay-color":"","overlay-opacity":"","overlay-gradient":""},"tablet":{"background-color":"","background-image":"","background-repeat":"repeat","background-position":"center center","background-size":"auto","background-attachment":"scroll","background-type":"","background-media":"","overlay-type":"","overlay-color":"","overlay-opacity":"","overlay-gradient":""},"mobile":{"background-color":"","background-image":"","background-repeat":"repeat","background-position":"center center","background-size":"auto","background-attachment":"scroll","background-type":"","background-media":"","overlay-type":"","overlay-color":"","overlay-opacity":"","overlay-gradient":""}},"ast-content-background-meta":{"desktop":{"background-color":"var(--ast-global-color-5)","background-image":"","background-repeat":"repeat","background-position":"center center","background-size":"auto","background-attachment":"scroll","background-type":"","background-media":"","overlay-type":"","overlay-color":"","overlay-opacity":"","overlay-gradient":""},"tablet":{"background-color":"var(--ast-global-color-5)","background-image":"","background-repeat":"repeat","background-position":"center center","background-size":"auto","background-attachment":"scroll","background-type":"","background-media":"","overlay-type":"","overlay-color":"","overlay-opacity":"","overlay-gradient":""},"mobile":{"background-color":"var(--ast-global-color-5)","background-image":"","background-repeat":"repeat","background-position":"center center","background-size":"auto","background-attachment":"scroll","background-type":"","background-media":"","overlay-type":"","overlay-color":"","overlay-opacity":"","overlay-gradient":""}},"footnotes":""},"class_list":["post-9439","page","type-page","status-publish","hentry"],"_links":{"self":[{"href":"https:\/\/islands4you.pt\/de\/wp-json\/wp\/v2\/pages\/9439","targetHints":{"allow":["GET"]}}],"collection":[{"href":"https:\/\/islands4you.pt\/de\/wp-json\/wp\/v2\/pages"}],"about":[{"href":"https:\/\/islands4you.pt\/de\/wp-json\/wp\/v2\/types\/page"}],"author":[{"embeddable":true,"href":"https:\/\/islands4you.pt\/de\/wp-json\/wp\/v2\/users\/2"}],"replies":[{"embeddable":true,"href":"https:\/\/islands4you.pt\/de\/wp-json\/wp\/v2\/comments?post=9439"}],"version-history":[{"count":0,"href":"https:\/\/islands4you.pt\/de\/wp-json\/wp\/v2\/pages\/9439\/revisions"}],"wp:attachment":[{"href":"https:\/\/islands4you.pt\/de\/wp-json\/wp\/v2\/media?parent=9439"}],"curies":[{"name":"wp","href":"https:\/\/api.w.org\/{rel}","templated":true}]}}