{"id":9472,"date":"2019-09-16T10:03:39","date_gmt":"2019-09-16T10:03:39","guid":{"rendered":"https:\/\/islands4you.pt\/ueber-uns\/"},"modified":"2025-05-23T23:25:17","modified_gmt":"2025-05-23T23:25:17","slug":"ueber-uns","status":"publish","type":"page","link":"https:\/\/islands4you.pt\/de\/ueber-uns\/","title":{"rendered":"\u00dcber uns"},"content":{"rendered":"\t\t<div data-elementor-type=\"wp-page\" data-elementor-id=\"9472\" class=\"elementor elementor-9472 elementor-455\" data-elementor-post-type=\"page\">\n\t\t\t\t\t\t<section class=\"elementor-section elementor-top-section elementor-element elementor-element-d07fce8 elementor-section-boxed elementor-section-height-default elementor-section-height-default\" data-id=\"d07fce8\" data-element_type=\"section\" data-e-type=\"section\" data-settings=\"{&quot;background_background&quot;:&quot;classic&quot;}\">\n\t\t\t\t\t\t\t<div class=\"elementor-background-overlay\"><\/div>\n\t\t\t\t\t\t\t<div class=\"elementor-container elementor-column-gap-no\">\n\t\t\t\t\t<div class=\"elementor-column elementor-col-100 elementor-top-column elementor-element elementor-element-11b1460\" data-id=\"11b1460\" data-element_type=\"column\" data-e-type=\"column\">\n\t\t\t<div class=\"elementor-widget-wrap elementor-element-populated\">\n\t\t\t\t\t\t<div class=\"elementor-element elementor-element-d0411a2 elementor-widget-divider--view-line elementor-widget elementor-widget-divider\" data-id=\"d0411a2\" data-element_type=\"widget\" data-e-type=\"widget\" data-widget_type=\"divider.default\">\n\t\t\t\t\t\t\t<div class=\"elementor-divider\">\n\t\t\t<span class=\"elementor-divider-separator\">\n\t\t\t\t\t\t<\/span>\n\t\t<\/div>\n\t\t\t\t\t\t<\/div>\n\t\t\t\t<div class=\"elementor-element elementor-element-8391c01 elementor-widget elementor-widget-heading\" data-id=\"8391c01\" data-element_type=\"widget\" data-e-type=\"widget\" data-widget_type=\"heading.default\">\n\t\t\t\t\t<h1 class=\"elementor-heading-title elementor-size-default\">\u00dcber uns - Islands 4 You | Bootsausfl\u00fcge in Faro<\/h1>\t\t\t\t<\/div>\n\t\t\t\t\t<\/div>\n\t\t<\/div>\n\t\t\t\t\t<\/div>\n\t\t<\/section>\n\t\t\t\t<section class=\"elementor-section elementor-top-section elementor-element elementor-element-98d7816 elementor-section-boxed elementor-section-height-default elementor-section-height-default\" data-id=\"98d7816\" data-element_type=\"section\" data-e-type=\"section\" data-settings=\"{&quot;background_background&quot;:&quot;classic&quot;}\">\n\t\t\t\t\t\t\t<div class=\"elementor-background-overlay\"><\/div>\n\t\t\t\t\t\t\t<div class=\"elementor-container elementor-column-gap-no\">\n\t\t\t\t\t<div class=\"elementor-column elementor-col-100 elementor-top-column elementor-element elementor-element-cd1267b\" data-id=\"cd1267b\" data-element_type=\"column\" data-e-type=\"column\">\n\t\t\t<div class=\"elementor-widget-wrap elementor-element-populated\">\n\t\t\t\t\t\t<div class=\"elementor-element elementor-element-3fc072d elementor-widget elementor-widget-heading\" data-id=\"3fc072d\" data-element_type=\"widget\" data-e-type=\"widget\" data-widget_type=\"heading.default\">\n\t\t\t\t\t<h2 class=\"elementor-heading-title elementor-size-default\">Inseln 4 Sie | Ria formosa<\/h2>\t\t\t\t<\/div>\n\t\t\t\t<div class=\"elementor-element elementor-element-a45612a elementor-widget-divider--view-line elementor-widget elementor-widget-divider\" data-id=\"a45612a\" data-element_type=\"widget\" data-e-type=\"widget\" data-widget_type=\"divider.default\">\n\t\t\t\t\t\t\t<div class=\"elementor-divider\">\n\t\t\t<span class=\"elementor-divider-separator\">\n\t\t\t\t\t\t<\/span>\n\t\t<\/div>\n\t\t\t\t\t\t<\/div>\n\t\t\t\t<section class=\"elementor-section elementor-inner-section elementor-element elementor-element-23b2897 elementor-section-content-top elementor-section-boxed elementor-section-height-default elementor-section-height-default\" data-id=\"23b2897\" data-element_type=\"section\" data-e-type=\"section\">\n\t\t\t\t\t\t<div class=\"elementor-container elementor-column-gap-no\">\n\t\t\t\t\t<div class=\"elementor-column elementor-col-100 elementor-inner-column elementor-element elementor-element-d9051ab\" data-id=\"d9051ab\" data-element_type=\"column\" data-e-type=\"column\">\n\t\t\t<div class=\"elementor-widget-wrap elementor-element-populated\">\n\t\t\t\t\t\t<div class=\"elementor-element elementor-element-3e4b438 elementor-widget elementor-widget-text-editor\" data-id=\"3e4b438\" data-element_type=\"widget\" data-e-type=\"widget\" data-widget_type=\"text-editor.default\">\n\t\t\t\t\t\t\t\t\t<p style=\"text-align: justify;\">Wir sind ein familiengef\u00fchrtes \u00d6kotourismus-Unternehmen, das Sie zu einem einzigartigen Erlebnis in einem der 7 Naturwunder Portugals f\u00fchrt: dem Naturpark Ria Formosa.<\/p>\t\t\t\t\t\t\t\t<\/div>\n\t\t\t\t<div class=\"elementor-element elementor-element-dfc48a7 elementor-widget elementor-widget-text-editor\" data-id=\"dfc48a7\" data-element_type=\"widget\" data-e-type=\"widget\" data-widget_type=\"text-editor.default\">\n\t\t\t\t\t\t\t\t\t<p style=\"text-align: justify;\">Seit 2016 konzentrieren wir uns auf Naturtourismus und \u00d6kotourismus. Unser Team besteht aus erfahrenen, sorgf\u00e4ltig ausgew\u00e4hlten einheimischen Reiseleitern, die sich f\u00fcr die Natur und die Umwelt, die sie umgibt, begeistern.<\/p>\t\t\t\t\t\t\t\t<\/div>\n\t\t\t\t<div class=\"elementor-element elementor-element-38ff67b elementor-widget elementor-widget-text-editor\" data-id=\"38ff67b\" data-element_type=\"widget\" data-e-type=\"widget\" data-widget_type=\"text-editor.default\">\n\t\t\t\t\t\t\t\t\t<p class=\"\" style=\"text-align: justify;\" data-start=\"358\" data-end=\"803\"><a href=\"https:\/\/islands4you.pt\/de\/bootsfahrt\/\" target=\"_blank\" rel=\"noopener\">Bootsausfl\u00fcge in Faro<\/a> sind das Herzst\u00fcck von allem, was wir bei Islands 4 You tun. Mit Sitz in der charmanten und historischen Stadt Faro haben wir es uns zur Aufgabe gemacht, unvergessliche und authentische Bootstouren durch den atemberaubenden Naturpark Ria Formosa anzubieten &#8211; eines der wertvollsten Naturwunder Portugals. Unsere Touren sind f\u00fcr diejenigen gedacht, die mehr als nur Sightseeing suchen. Wir bieten eindringliche Erlebnisse, die Natur, Kultur und pers\u00f6nliche Beziehungen miteinander verbinden.   <\/p><h3 data-start=\"805\" data-end=\"819\"> <\/h3><h3 class=\"\" style=\"text-align: justify;\" data-start=\"1495\" data-end=\"1536\"><span style=\"font-size: 14pt; color: #800000;\">Wer wir sind<\/span><\/h3><p style=\"text-align: justify;\" data-start=\"805\" data-end=\"819\">Islands 4 You wurde mit einem einfachen Ziel gegr\u00fcndet: Reisenden zu helfen, den wahren Zauber der Algarve auf dem Seeweg zu entdecken. Wir sind ein lokales Familienunternehmen, das sich leidenschaftlich f\u00fcr die Region einsetzt, die wir unser Zuhause nennen. Unsere Crew besteht aus erfahrenen Fachleuten und Naturliebhabern, die die verborgene Sch\u00f6nheit der Ria Formosa und ihrer Inseln mit Besuchern aus der ganzen Welt teilen m\u00f6chten.  <\/p><p style=\"text-align: justify;\" data-start=\"805\" data-end=\"819\">Im Gegensatz zu gro\u00dfen Veranstaltern konzentrieren wir uns auf kleine Gruppen, um sicherzustellen, dass jeder Gast eine pers\u00f6nliche Betreuung erh\u00e4lt. Ganz gleich, ob Sie ein Paar sind, das einen romantischen Ausflug sucht, eine Familie, die ein lustiges Abenteuer erleben m\u00f6chte, oder ein Alleinreisender, der auf Entdeckungsreise gehen will &#8211; unser Team setzt alles daran, Ihre Zeit auf dem Wasser zu etwas ganz Besonderem zu machen. <\/p><h3 data-start=\"1495\" data-end=\"1536\"> <\/h3><h3 class=\"\" style=\"text-align: justify;\" data-start=\"1495\" data-end=\"1536\"><span style=\"font-size: 14pt; color: #800000;\">Was unsere Bootsausfl\u00fcge in Faro einzigartig macht  <\/span><\/h3><p class=\"\" style=\"text-align: justify;\" data-start=\"1538\" data-end=\"1867\">Die Ria Formosa ist ein M\u00fcndungsgebiet von au\u00dfergew\u00f6hnlicher Artenvielfalt und ruhiger Sch\u00f6nheit. Sie ist die Heimat von gesch\u00fctzten Vogelarten, ruhigen Kan\u00e4len, wei\u00dfen Sandstr\u00e4nden und traditionellen Fischerd\u00f6rfern. Unsere Bootsausfl\u00fcge in Faro sind so konzipiert, dass sie den Reichtum dieser Umgebung hervorheben und gleichzeitig eine friedliche und \u00f6kologisch bewusste Art der Erkundung bieten.  <\/p><p class=\"\" style=\"text-align: justify;\" data-start=\"1869\" data-end=\"2352\">Jede Reise ist anders. Je nach Jahreszeit und Gezeitenlage passen wir unsere Routen an, um Ihnen das bestm\u00f6gliche Erlebnis zu bieten. Sie k\u00f6nnen die ruhige Insel Culatra mit ihrem charmanten Fischerdorf besuchen oder einen Zwischenstopp auf der fast unber\u00fchrten Ilha Deserta einlegen, die ideal f\u00fcr einen entspannten Spaziergang oder ein Bad im kristallklaren Wasser ist. W\u00e4hrend der Migrationszeiten sehen wir oft Flamingos und andere seltene V\u00f6gel, was unsere Touren zu einem beliebten Ziel f\u00fcr Vogelbeobachter macht.   <\/p><p class=\"\" style=\"text-align: justify;\" data-start=\"2354\" data-end=\"2545\">Unsere Boote sind komfortabel, sicher und ideal f\u00fcr ruhiges, landschaftlich reizvolles Segeln. Sie werden keine lauten Motoren oder \u00fcberf\u00fcllte Decks vorfinden &#8211; nur ruhiges Segeln, Ortskenntnis und echte Gastfreundschaft. <\/p><p data-start=\"2354\" data-end=\"2545\"> <\/p><h3 class=\"\" style=\"text-align: justify;\" data-start=\"1495\" data-end=\"1536\"><span style=\"font-size: 14pt; color: #800000;\">Tausende von Bewertungen  <\/span><\/h3><p class=\"\" style=\"text-align: justify;\" data-start=\"2573\" data-end=\"2922\">Mit Tausenden von F\u00fcnf-Sterne-Bewertungen auf Plattformen wie <a href=\"https:\/\/www.google.com\/search?sa=X&amp;sca_esv=1be3608af9439826&amp;authuser=0&amp;hl=pt-PT&amp;gl=pt&amp;tbm=lcl&amp;q=Islands+4+you+Cr%C3%ADticas&amp;rflfq=1&amp;num=20&amp;stick=H4sIAAAAAAAAAONgkxI2NzI1MDQ1Mza0NDIwMDaxNDGx2MDI-IpR3LM4JzEvpVjBRKEyv1TBuejw2pLM5MTiRay4ZADSiN_TTgAAAA&amp;rldimm=7250156319200349448&amp;ved=2ahUKEwjOsLPS3LqNAxVYRPEDHZhUMVgQ9fQKegQISxAF&amp;biw=1229&amp;bih=556&amp;dpr=1.56#lkt=LocalPoiReviews\" target=\"_blank\" rel=\"noopener\">Google<\/a>, <a href=\"https:\/\/www.tripadvisor.pt\/Attraction_Review-g189116-d10353300-Reviews-Islands_4_You-Faro_Faro_District_Algarve.html\" target=\"_blank\" rel=\"noopener\">TripAdvisor<\/a> und <a href=\"https:\/\/www.getyourguide.com\/pt-br\/algarve-l66\/faro-ria-formosa-passeio-de-barco-pelas-ilhas-faro-t64208\/?ranking_uuid=66f25a7e-c4d5-4e4e-8e1a-46c586af4a56\" target=\"_blank\" rel=\"noopener\">GetYourGuide<\/a> hat sich Islands 4 You zu einer der besten Optionen f\u00fcr Bootsfahrten in Faro entwickelt. Wir sind stolz auf unseren Ruf f\u00fcr Qualit\u00e4t, Ehrlichkeit und Freundlichkeit. Die meisten unserer G\u00e4ste kennen uns durch Mundpropaganda, kommen Jahr f\u00fcr Jahr wieder oder empfehlen uns an Freunde und Familie weiter.  <\/p><p class=\"\" style=\"text-align: justify;\" data-start=\"2924\" data-end=\"3090\">Was uns von anderen unterscheidet, ist nicht nur die nat\u00fcrliche Sch\u00f6nheit der Ria Formosa &#8211; es ist die Art und Weise, wie Sie sich bei uns f\u00fchlen. Unsere G\u00e4ste sagen uns oft, dass sie als Kunden kommen und als Freunde gehen. <\/p><h3 data-start=\"3092\" data-end=\"3133\"> <\/h3><h3 class=\"\" style=\"text-align: left;\" data-start=\"3092\" data-end=\"3133\"><span style=\"color: #800000; font-size: 14pt;\">Mehr als eine Tour &#8211; ein lokales Erlebnis  <\/span><\/h3><p class=\"\" style=\"text-align: justify;\" data-start=\"3135\" data-end=\"3471\">Wir von Islands 4 You glauben, dass eine Bootsfahrt mehr sein sollte als nur ein Spaziergang. Sie sollte ein kulturelles Erlebnis sein, ein Moment der Ruhe und eine echte Verbindung mit der Natur und den Menschen. Wir nehmen uns die Zeit, Ihnen die Geschichte der Inseln, die traditionellen Lebensweisen und die Bedeutung des Erhalts dieses \u00d6kosystems f\u00fcr zuk\u00fcnftige Generationen zu erkl\u00e4ren.  <\/p><p class=\"\" style=\"text-align: justify;\" data-start=\"3473\" data-end=\"3677\">Au\u00dferdem unterst\u00fctzen wir die lokale Wirtschaft, indem wir mit regionalen Lieferanten zusammenarbeiten und unseren G\u00e4sten lokale Restaurants und Kunsthandwerker empfehlen. Nachhaltigkeit und Authentizit\u00e4t sind Werte, die wir bei allem, was wir tun, ber\u00fccksichtigen. <\/p><h3 data-start=\"3679\" data-end=\"3703\"> <\/h3><h3 class=\"\" style=\"text-align: justify;\" data-start=\"3679\" data-end=\"3703\"><span style=\"font-size: 14pt; color: #800000;\">Begleiten Sie uns auf dem Wasser<\/span><\/h3><p class=\"\" style=\"text-align: justify;\" data-start=\"3705\" data-end=\"3968\">Wenn Sie auf der Suche nach Bootsausfl\u00fcgen ab Faro sind, die \u00fcber die \u00fcblichen Touristenrouten hinausgehen, ist Islands 4 You die perfekte Wahl. Wir laden Sie ein, den Menschenmassen zu entfliehen, die Meeresbrise zu sp\u00fcren und die Seele der Algarve auf eine Weise zu entdecken, wie es nur eine Bootsfahrt kann. <\/p><p class=\"\" style=\"text-align: justify;\" data-start=\"3970\" data-end=\"4064\">Lassen Sie uns Ihnen die Sch\u00f6nheit der <a href=\"https:\/\/islands4you.pt\/de\/ria-formosa\/\" target=\"_blank\" rel=\"noopener\">Ria Formosa<\/a> durch die Augen derer zeigen, die sie am besten kennen und lieben.<\/p>\t\t\t\t\t\t\t\t<\/div>\n\t\t\t\t\t<\/div>\n\t\t<\/div>\n\t\t\t\t\t<\/div>\n\t\t<\/section>\n\t\t\t\t\t<\/div>\n\t\t<\/div>\n\t\t\t\t\t<\/div>\n\t\t<\/section>\n\t\t\t\t<section class=\"elementor-section elementor-top-section elementor-element elementor-element-2a5d91d elementor-section-full_width elementor-section-height-default elementor-section-height-default\" data-id=\"2a5d91d\" data-element_type=\"section\" data-e-type=\"section\">\n\t\t\t\t\t\t<div class=\"elementor-container elementor-column-gap-no\">\n\t\t\t\t\t<div class=\"elementor-column elementor-col-100 elementor-top-column elementor-element elementor-element-19455f0b\" data-id=\"19455f0b\" data-element_type=\"column\" data-e-type=\"column\" data-settings=\"{&quot;background_background&quot;:&quot;classic&quot;}\">\n\t\t\t<div class=\"elementor-widget-wrap elementor-element-populated\">\n\t\t\t\t\t<div class=\"elementor-background-overlay\"><\/div>\n\t\t\t\t\t\t<div class=\"elementor-element elementor-element-1f2aff53 elementor-widget elementor-widget-spacer\" data-id=\"1f2aff53\" data-element_type=\"widget\" data-e-type=\"widget\" data-widget_type=\"spacer.default\">\n\t\t\t\t\t\t\t<div class=\"elementor-spacer\">\n\t\t\t<div class=\"elementor-spacer-inner\"><\/div>\n\t\t<\/div>\n\t\t\t\t\t\t<\/div>\n\t\t\t\t\t<\/div>\n\t\t<\/div>\n\t\t\t\t\t<\/div>\n\t\t<\/section>\n\t\t\t\t<section class=\"elementor-section elementor-top-section elementor-element elementor-element-07f109a elementor-section-boxed elementor-section-height-default elementor-section-height-default\" data-id=\"07f109a\" data-element_type=\"section\" data-e-type=\"section\" data-settings=\"{&quot;background_background&quot;:&quot;classic&quot;}\">\n\t\t\t\t\t\t<div class=\"elementor-container elementor-column-gap-no\">\n\t\t\t\t\t<div class=\"elementor-column elementor-col-100 elementor-top-column elementor-element elementor-element-b1cbb8e\" data-id=\"b1cbb8e\" data-element_type=\"column\" data-e-type=\"column\">\n\t\t\t<div class=\"elementor-widget-wrap elementor-element-populated\">\n\t\t\t\t\t\t<section class=\"elementor-section elementor-inner-section elementor-element elementor-element-24d88b2 elementor-section-boxed elementor-section-height-default elementor-section-height-default\" data-id=\"24d88b2\" data-element_type=\"section\" data-e-type=\"section\">\n\t\t\t\t\t\t<div class=\"elementor-container elementor-column-gap-no\">\n\t\t\t\t\t<div class=\"elementor-column elementor-col-16 elementor-inner-column elementor-element elementor-element-d850729\" data-id=\"d850729\" data-element_type=\"column\" data-e-type=\"column\">\n\t\t\t<div class=\"elementor-widget-wrap\">\n\t\t\t\t\t\t\t<\/div>\n\t\t<\/div>\n\t\t\t\t<div class=\"elementor-column elementor-col-66 elementor-inner-column elementor-element elementor-element-d324105\" data-id=\"d324105\" data-element_type=\"column\" data-e-type=\"column\">\n\t\t\t<div class=\"elementor-widget-wrap elementor-element-populated\">\n\t\t\t\t\t\t<div class=\"elementor-element elementor-element-c693b28 elementor-widget-divider--view-line elementor-widget elementor-widget-divider\" data-id=\"c693b28\" data-element_type=\"widget\" data-e-type=\"widget\" data-widget_type=\"divider.default\">\n\t\t\t\t\t\t\t<div class=\"elementor-divider\">\n\t\t\t<span class=\"elementor-divider-separator\">\n\t\t\t\t\t\t<\/span>\n\t\t<\/div>\n\t\t\t\t\t\t<\/div>\n\t\t\t\t<div class=\"elementor-element elementor-element-1916dec elementor-widget elementor-widget-heading\" data-id=\"1916dec\" data-element_type=\"widget\" data-e-type=\"widget\" data-widget_type=\"heading.default\">\n\t\t\t\t\t<h2 class=\"elementor-heading-title elementor-size-default\">Ihre Erfahrung beginnt hier<\/h2>\t\t\t\t<\/div>\n\t\t\t\t<div class=\"elementor-element elementor-element-fae0aa4 elementor-widget elementor-widget-text-editor\" data-id=\"fae0aa4\" data-element_type=\"widget\" data-e-type=\"widget\" data-widget_type=\"text-editor.default\">\n\t\t\t\t\t\t\t\t\t<p>Schauen Sie sich die beliebtesten Programme an und erleben Sie eine unausl\u00f6schliche Salzwasserleidenschaft, die alle Ihre Erwartungen \u00fcbertreffen wird!<\/p>\t\t\t\t\t\t\t\t<\/div>\n\t\t\t\t<div class=\"elementor-element elementor-element-fc3d523 elementor-align-center elementor-widget elementor-widget-button\" data-id=\"fc3d523\" data-element_type=\"widget\" data-e-type=\"widget\" data-widget_type=\"button.default\">\n\t\t\t\t\t\t\t\t\t\t<a class=\"elementor-button elementor-button-link elementor-size-sm\" href=\"https:\/\/islands4you.pt\/de\/bootsfahrt\/\">\n\t\t\t\t\t\t<span class=\"elementor-button-content-wrapper\">\n\t\t\t\t\t\t\t\t\t<span class=\"elementor-button-text\">Programme<\/span>\n\t\t\t\t\t<\/span>\n\t\t\t\t\t<\/a>\n\t\t\t\t\t\t\t\t<\/div>\n\t\t\t\t\t<\/div>\n\t\t<\/div>\n\t\t\t\t<div class=\"elementor-column elementor-col-16 elementor-inner-column elementor-element elementor-element-7ae5e6f\" data-id=\"7ae5e6f\" data-element_type=\"column\" data-e-type=\"column\">\n\t\t\t<div class=\"elementor-widget-wrap\">\n\t\t\t\t\t\t\t<\/div>\n\t\t<\/div>\n\t\t\t\t\t<\/div>\n\t\t<\/section>\n\t\t\t\t\t<\/div>\n\t\t<\/div>\n\t\t\t\t\t<\/div>\n\t\t<\/section>\n\t\t\t\t<\/div>\n\t\t","protected":false},"excerpt":{"rendered":"<p>\u00dcber uns &#8211; Islands 4 You | Bootsausfl\u00fcge in Faro Inseln 4 Sie | Ria formosa Wir sind ein familiengef\u00fchrtes \u00d6kotourismus-Unternehmen, das Sie zu einem einzigartigen Erlebnis in einem der 7 Naturwunder Portugals f\u00fchrt: dem Naturpark Ria Formosa. Seit 2016 konzentrieren wir uns auf Naturtourismus und \u00d6kotourismus. Unser Team besteht aus erfahrenen, sorgf\u00e4ltig ausgew\u00e4hlten einheimischen [&hellip;]<\/p>\n","protected":false},"author":2,"featured_media":0,"parent":0,"menu_order":0,"comment_status":"closed","ping_status":"closed","template":"","meta":{"site-sidebar-layout":"no-sidebar","site-content-layout":"page-builder","ast-site-content-layout":"default","site-content-style":"default","site-sidebar-style":"default","ast-global-header-display":"","ast-banner-title-visibility":"","ast-main-header-display":"","ast-hfb-above-header-display":"","ast-hfb-below-header-display":"","ast-hfb-mobile-header-display":"","site-post-title":"disabled","ast-breadcrumbs-content":"disabled","ast-featured-img":"disabled","footer-sml-layout":"","ast-disable-related-posts":"","theme-transparent-header-meta":"enabled","adv-header-id-meta":"","stick-header-meta":"","header-above-stick-meta":"","header-main-stick-meta":"","header-below-stick-meta":"","astra-migrate-meta-layouts":"default","ast-page-background-enabled":"default","ast-page-background-meta":{"desktop":{"background-color":"","background-image":"","background-repeat":"repeat","background-position":"center center","background-size":"auto","background-attachment":"scroll","background-type":"","background-media":"","overlay-type":"","overlay-color":"","overlay-opacity":"","overlay-gradient":""},"tablet":{"background-color":"","background-image":"","background-repeat":"repeat","background-position":"center center","background-size":"auto","background-attachment":"scroll","background-type":"","background-media":"","overlay-type":"","overlay-color":"","overlay-opacity":"","overlay-gradient":""},"mobile":{"background-color":"","background-image":"","background-repeat":"repeat","background-position":"center center","background-size":"auto","background-attachment":"scroll","background-type":"","background-media":"","overlay-type":"","overlay-color":"","overlay-opacity":"","overlay-gradient":""}},"ast-content-background-meta":{"desktop":{"background-color":"var(--ast-global-color-5)","background-image":"","background-repeat":"repeat","background-position":"center center","background-size":"auto","background-attachment":"scroll","background-type":"","background-media":"","overlay-type":"","overlay-color":"","overlay-opacity":"","overlay-gradient":""},"tablet":{"background-color":"var(--ast-global-color-5)","background-image":"","background-repeat":"repeat","background-position":"center center","background-size":"auto","background-attachment":"scroll","background-type":"","background-media":"","overlay-type":"","overlay-color":"","overlay-opacity":"","overlay-gradient":""},"mobile":{"background-color":"var(--ast-global-color-5)","background-image":"","background-repeat":"repeat","background-position":"center center","background-size":"auto","background-attachment":"scroll","background-type":"","background-media":"","overlay-type":"","overlay-color":"","overlay-opacity":"","overlay-gradient":""}},"footnotes":""},"class_list":["post-9472","page","type-page","status-publish","hentry"],"_links":{"self":[{"href":"https:\/\/islands4you.pt\/de\/wp-json\/wp\/v2\/pages\/9472","targetHints":{"allow":["GET"]}}],"collection":[{"href":"https:\/\/islands4you.pt\/de\/wp-json\/wp\/v2\/pages"}],"about":[{"href":"https:\/\/islands4you.pt\/de\/wp-json\/wp\/v2\/types\/page"}],"author":[{"embeddable":true,"href":"https:\/\/islands4you.pt\/de\/wp-json\/wp\/v2\/users\/2"}],"replies":[{"embeddable":true,"href":"https:\/\/islands4you.pt\/de\/wp-json\/wp\/v2\/comments?post=9472"}],"version-history":[{"count":3,"href":"https:\/\/islands4you.pt\/de\/wp-json\/wp\/v2\/pages\/9472\/revisions"}],"predecessor-version":[{"id":15910,"href":"https:\/\/islands4you.pt\/de\/wp-json\/wp\/v2\/pages\/9472\/revisions\/15910"}],"wp:attachment":[{"href":"https:\/\/islands4you.pt\/de\/wp-json\/wp\/v2\/media?parent=9472"}],"curies":[{"name":"wp","href":"https:\/\/api.w.org\/{rel}","templated":true}]}}