{"id":13767,"date":"2022-02-03T14:15:56","date_gmt":"2022-02-03T14:15:56","guid":{"rendered":"https:\/\/islands4you.pt\/politica-de-privacidad\/"},"modified":"2025-04-12T20:00:59","modified_gmt":"2025-04-12T20:00:59","slug":"politica-de-privacidad","status":"publish","type":"page","link":"https:\/\/islands4you.pt\/es\/politica-de-privacidad\/","title":{"rendered":"Pol\u00edtica de privacidad"},"content":{"rendered":"\n<p id=\"a-sua-privacidade-e-importante-para-nos-e-politica-da-islands-4-you-t-n-lda-respeitar-a-sua-privacidade-em-relacao-a-qualquer-informacao-sua-que-possamos-coletar-no-site-www-islands4you-pt-e-outros-sites-que-possuimos-e-operamos\">Tu privacidad es importante para nosotros. La pol\u00edtica de Islands 4 you T.N. Lda. es respetar tu privacidad con respecto a cualquier informaci\u00f3n que podamos recopilar de ti a trav\u00e9s de nuestro sitio web, www.islands4you.pt, y otros sitios que poseemos y gestionamos.  <\/p>\n\n<p>S\u00f3lo solicitamos informaci\u00f3n personal cuando realmente la necesitamos para prestarte un servicio. Lo hacemos por medios justos y legales, con tu conocimiento y consentimiento. Tambi\u00e9n te decimos por qu\u00e9 la recogemos y c\u00f3mo se utilizar\u00e1.  <\/p>\n\n<p>S\u00f3lo conservamos la informaci\u00f3n recopilada durante el tiempo necesario para prestar el servicio solicitado. Cuando almacenamos datos, los protegemos con medios comercialmente aceptables para evitar p\u00e9rdidas y robos, as\u00ed como el acceso, la divulgaci\u00f3n, la copia, el uso o la modificaci\u00f3n no autorizados. <\/p>\n\n<p>No compartimos informaci\u00f3n personal identificable p\u00fablicamente ni con terceros, excepto cuando nos lo exigen las autoridades.<\/p>\n\n<p>Nuestro sitio web puede contener enlaces a sitios web externos no gestionados por nosotros. Ten en cuenta que no tenemos control sobre el contenido y las pr\u00e1cticas de estos sitios y no podemos responsabilizarnos de sus pol\u00edticas de privacidad. <\/p>\n\n<p>Eres libre de rechazar nuestra solicitud de informaci\u00f3n personal, entendiendo que es posible que no podamos prestarte algunos de los servicios que necesitas.<\/p>\n\n<p>Tu uso continuado de nuestro sitio web se considerar\u00e1 una aceptaci\u00f3n de nuestras pr\u00e1cticas en torno a la privacidad y la informaci\u00f3n personal. Si tienes alguna pregunta sobre c\u00f3mo tratamos los datos que nos proporcionas y la informaci\u00f3n personal, ponte en contacto con nosotros. <\/p>\n\n<h2 class=\"wp-block-heading\" id=\"politica-de-cookies\"><strong>Pol\u00edtica de cookies  <\/strong><\/h2>\n\n<h3 class=\"wp-block-heading\" id=\"o-que-sao-cookies\"> <strong>\u00bfQu\u00e9 son las cookies?<\/strong><\/h3>\n\n<p>Como es pr\u00e1ctica habitual en casi todos los sitios web profesionales, este sitio utiliza cookies, que son peque\u00f1os archivos que aparecen en tu ordenador, para mejorar tu experiencia. Esta p\u00e1gina describe qu\u00e9 informaci\u00f3n recogen, c\u00f3mo la utilizamos y por qu\u00e9 a veces necesitamos almacenar estas cookies. Tambi\u00e9n te explicaremos c\u00f3mo puedes evitar que se almacenen estas cookies, aunque esto puede degradar o \u00abromper\u00bb ciertos elementos de la funcionalidad del sitio.  <\/p>\n\n<h3 class=\"wp-block-heading\">\u00a0<\/h3>\n\n<h3 class=\"wp-block-heading\" id=\"como-utilizamos-os-cookies\"><strong>\u00bfC\u00f3mo utilizamos las cookies?<\/strong><\/h3>\n\n<p>Utilizamos cookies por varias razones, detalladas a continuaci\u00f3n. Lamentablemente, en la mayor\u00eda de los casos, no existen opciones est\u00e1ndar en la industria para desactivar las cookies sin desactivar por completo la funcionalidad y las caracter\u00edsticas que a\u00f1aden a este sitio web. Se recomienda que dejes todas las cookies si no est\u00e1s seguro de si las necesitas o no, en caso de que se utilicen para prestar un servicio que t\u00fa utilizas.  <\/p>\n\n<h3 class=\"wp-block-heading\">\u00a0<\/h3>\n\n<h3 class=\"wp-block-heading\" id=\"desativar-cookies\"><strong>Desactivar las cookies<\/strong><\/h3>\n\n<p>Puedes impedir la instalaci\u00f3n de cookies ajustando la configuraci\u00f3n de tu navegador (consulta la ayuda de tu navegador para saber c\u00f3mo hacerlo). Ten en cuenta que desactivar las cookies afectar\u00e1 a la funcionalidad de \u00e9ste y de muchos otros sitios web que visites. Deshabilitar las cookies generalmente conllevar\u00e1 la desactivaci\u00f3n de ciertas funcionalidades y caracter\u00edsticas de este sitio web. Por lo tanto, se recomienda que no desactives las cookies.   <\/p>\n\n<h3 class=\"wp-block-heading\">\u00a0<\/h3>\n\n<h3 class=\"wp-block-heading\" id=\"cookies-que-definimos\"><strong>Cookies que instalamos<\/strong><\/h3>\n\n<ul class=\"wp-block-list\"><li>Cookies relacionadas con el procesamiento de pedidos<br\/><br\/>Este sitio ofrece facilidades de comercio electr\u00f3nico o de pago y algunas cookies son esenciales para garantizar que tu pedido se recuerde entre p\u00e1ginas para que podamos procesarlo adecuadamente.<\/li><li>Cookies relacionadas con la b\u00fasqueda<br\/><br\/>Peri\u00f3dicamente ofrecemos encuestas y cuestionarios para proporcionar informaci\u00f3n interesante, herramientas \u00fatiles o para comprender mejor nuestra base de usuarios. Estas encuestas pueden utilizar cookies para recordar qui\u00e9n ha participado ya en una encuesta o para proporcionar resultados precisos despu\u00e9s de cambiar de p\u00e1gina. <\/li><li>Cookies relacionadas con formularios<br\/><br\/>Cuando proporcionas datos a trav\u00e9s de un formulario, como los que se encuentran en las p\u00e1ginas de contacto o en los formularios de comentarios, se pueden establecer cookies para recordar los datos del usuario para futuras correspondencias.<\/li><li>Cookies de preferencias del sitio<br\/><br\/>Para proporcionarte una gran experiencia en este sitio, ofrecemos la funcionalidad de establecer tus preferencias sobre c\u00f3mo funciona este sitio cuando lo utilizas. Para recordar tus preferencias, necesitamos establecer cookies de modo que esta informaci\u00f3n pueda ser llamada cada vez que la interacci\u00f3n con una p\u00e1gina se vea afectada por tus preferencias. <\/li><\/ul>\n\n<h3 class=\"wp-block-heading\" id=\"cookies-de-terceiros\"><strong>Cookies de terceros<\/strong><\/h3>\n\n<p>En algunos casos especiales, tambi\u00e9n utilizamos cookies proporcionadas por terceros de confianza. La siguiente secci\u00f3n detalla qu\u00e9 cookies de terceros puedes encontrar a trav\u00e9s de este sitio web. <\/p>\n\n<ul class=\"wp-block-list\"><li>Este sitio utiliza Google Analytics, que es una de las soluciones de an\u00e1lisis m\u00e1s extendidas y fiables de la web, para ayudarnos a comprender c\u00f3mo utilizas el sitio y c\u00f3mo podemos mejorar tu experiencia. Estas cookies pueden rastrear elementos como el tiempo que pasas en el sitio y las p\u00e1ginas que visitas, para que podamos seguir produciendo contenidos atractivos. <\/li><\/ul>\n\n<p>Para obtener m\u00e1s informaci\u00f3n sobre las cookies de Google Analytics, consulta la p\u00e1gina oficial de Google Analytics.<\/p>\n\n<ul class=\"wp-block-list\"><li>Los an\u00e1lisis de terceros se utilizan para rastrear y medir el uso de este sitio web, de modo que podamos seguir produciendo contenidos atractivos. Estas cookies pueden rastrear elementos como el tiempo que pasas en el sitio o las p\u00e1ginas que visitas, lo que nos ayuda a comprender c\u00f3mo podemos mejorar el sitio. <\/li><li>Peri\u00f3dicamente probamos nuevas funciones y hacemos cambios sutiles en el aspecto del sitio. Cuando todav\u00eda estamos probando nuevas funciones, estas cookies pueden utilizarse para garantizar que recibes una experiencia consistente mientras est\u00e1s en el sitio, mientras comprendemos qu\u00e9 optimizaciones aprecian m\u00e1s nuestros usuarios. <\/li><li>Como vendemos productos y servicios, es importante que conozcamos las estad\u00edsticas sobre cu\u00e1ntos visitantes de nuestro sitio compran realmente, por lo que \u00e9ste es el tipo de datos que han rastreado estas cookies. Esto es importante para ti, ya que significa que podemos hacer previsiones comerciales precisas que nos permiten analizar nuestros costes de publicidad y productos para garantizar el mejor precio posible. <\/li><\/ul>\n\n<h3 class=\"wp-block-heading\" id=\"compromisso-do-utilizador\"><strong>Compromiso del usuario<\/strong><\/h3>\n\n<p>El usuario se compromete a hacer un uso adecuado de los contenidos e informaciones que Islands 4 you T.N. Lda. ofrece en su sitio web, y ello con car\u00e1cter enunciativo pero no limitativo: <\/p>\n\n<ul class=\"wp-block-list\"><li>A) No realizar actividades ilegales o contrarias a la buena fe y al orden p\u00fablico;<\/li><li>B) No difundas propaganda o contenidos de car\u00e1cter racista, xen\u00f3fobo, juegos de azar, cualquier tipo de pornograf\u00eda ilegal, apolog\u00eda del terrorismo o contra los derechos humanos;<\/li><li>C) No provocar da\u00f1os en los sistemas f\u00edsicos (hardware) y l\u00f3gicos (software) de Islands 4 you T.N. Lda., de sus proveedores o de terceras personas, ni introducir o difundir en la red virus inform\u00e1ticos o cualesquiera otros sistemas f\u00edsicos o l\u00f3gicos que sean susceptibles de provocar los da\u00f1os anteriormente mencionados;<\/li><\/ul>\n","protected":false},"excerpt":{"rendered":"<p>Tu privacidad es importante para nosotros. La pol\u00edtica de Islands 4 you T.N. Lda. es respetar tu privacidad con respecto a cualquier informaci\u00f3n que podamos recopilar de ti a trav\u00e9s de nuestro sitio web, www.islands4you.pt, y otros sitios que poseemos y gestionamos. S\u00f3lo solicitamos informaci\u00f3n personal cuando realmente la necesitamos para prestarte un servicio. Lo [&hellip;]<\/p>\n","protected":false},"author":2,"featured_media":0,"parent":0,"menu_order":0,"comment_status":"closed","ping_status":"closed","template":"","meta":{"site-sidebar-layout":"default","site-content-layout":"","ast-site-content-layout":"default","site-content-style":"default","site-sidebar-style":"default","ast-global-header-display":"","ast-banner-title-visibility":"","ast-main-header-display":"","ast-hfb-above-header-display":"","ast-hfb-below-header-display":"","ast-hfb-mobile-header-display":"","site-post-title":"","ast-breadcrumbs-content":"","ast-featured-img":"","footer-sml-layout":"","ast-disable-related-posts":"","theme-transparent-header-meta":"","adv-header-id-meta":"","stick-header-meta":"","header-above-stick-meta":"","header-main-stick-meta":"","header-below-stick-meta":"","astra-migrate-meta-layouts":"default","ast-page-background-enabled":"default","ast-page-background-meta":{"desktop":{"background-color":"","background-image":"","background-repeat":"repeat","background-position":"center center","background-size":"auto","background-attachment":"scroll","background-type":"","background-media":"","overlay-type":"","overlay-color":"","overlay-opacity":"","overlay-gradient":""},"tablet":{"background-color":"","background-image":"","background-repeat":"repeat","background-position":"center center","background-size":"auto","background-attachment":"scroll","background-type":"","background-media":"","overlay-type":"","overlay-color":"","overlay-opacity":"","overlay-gradient":""},"mobile":{"background-color":"","background-image":"","background-repeat":"repeat","background-position":"center center","background-size":"auto","background-attachment":"scroll","background-type":"","background-media":"","overlay-type":"","overlay-color":"","overlay-opacity":"","overlay-gradient":""}},"ast-content-background-meta":{"desktop":{"background-color":"var(--ast-global-color-5)","background-image":"","background-repeat":"repeat","background-position":"center center","background-size":"auto","background-attachment":"scroll","background-type":"","background-media":"","overlay-type":"","overlay-color":"","overlay-opacity":"","overlay-gradient":""},"tablet":{"background-color":"var(--ast-global-color-5)","background-image":"","background-repeat":"repeat","background-position":"center center","background-size":"auto","background-attachment":"scroll","background-type":"","background-media":"","overlay-type":"","overlay-color":"","overlay-opacity":"","overlay-gradient":""},"mobile":{"background-color":"var(--ast-global-color-5)","background-image":"","background-repeat":"repeat","background-position":"center center","background-size":"auto","background-attachment":"scroll","background-type":"","background-media":"","overlay-type":"","overlay-color":"","overlay-opacity":"","overlay-gradient":""}},"footnotes":""},"class_list":["post-13767","page","type-page","status-publish","hentry"],"_links":{"self":[{"href":"https:\/\/islands4you.pt\/es\/wp-json\/wp\/v2\/pages\/13767","targetHints":{"allow":["GET"]}}],"collection":[{"href":"https:\/\/islands4you.pt\/es\/wp-json\/wp\/v2\/pages"}],"about":[{"href":"https:\/\/islands4you.pt\/es\/wp-json\/wp\/v2\/types\/page"}],"author":[{"embeddable":true,"href":"https:\/\/islands4you.pt\/es\/wp-json\/wp\/v2\/users\/2"}],"replies":[{"embeddable":true,"href":"https:\/\/islands4you.pt\/es\/wp-json\/wp\/v2\/comments?post=13767"}],"version-history":[{"count":2,"href":"https:\/\/islands4you.pt\/es\/wp-json\/wp\/v2\/pages\/13767\/revisions"}],"predecessor-version":[{"id":13772,"href":"https:\/\/islands4you.pt\/es\/wp-json\/wp\/v2\/pages\/13767\/revisions\/13772"}],"wp:attachment":[{"href":"https:\/\/islands4you.pt\/es\/wp-json\/wp\/v2\/media?parent=13767"}],"curies":[{"name":"wp","href":"https:\/\/api.w.org\/{rel}","templated":true}]}}