{"id":13776,"date":"2019-09-16T10:03:39","date_gmt":"2019-09-16T10:03:39","guid":{"rendered":"https:\/\/islands4you.pt\/quienes-somos\/"},"modified":"2025-05-23T23:25:57","modified_gmt":"2025-05-23T23:25:57","slug":"quienes-somos","status":"publish","type":"page","link":"https:\/\/islands4you.pt\/es\/quienes-somos\/","title":{"rendered":"Qui\u00e9nes somos"},"content":{"rendered":"\t\t<div data-elementor-type=\"wp-page\" data-elementor-id=\"13776\" class=\"elementor elementor-13776 elementor-455\" data-elementor-post-type=\"page\">\n\t\t\t\t\t\t<section class=\"elementor-section elementor-top-section elementor-element elementor-element-d07fce8 elementor-section-boxed elementor-section-height-default elementor-section-height-default\" data-id=\"d07fce8\" data-element_type=\"section\" data-e-type=\"section\" data-settings=\"{&quot;background_background&quot;:&quot;classic&quot;}\">\n\t\t\t\t\t\t\t<div class=\"elementor-background-overlay\"><\/div>\n\t\t\t\t\t\t\t<div class=\"elementor-container elementor-column-gap-no\">\n\t\t\t\t\t<div class=\"elementor-column elementor-col-100 elementor-top-column elementor-element elementor-element-11b1460\" data-id=\"11b1460\" data-element_type=\"column\" data-e-type=\"column\">\n\t\t\t<div class=\"elementor-widget-wrap elementor-element-populated\">\n\t\t\t\t\t\t<div class=\"elementor-element elementor-element-d0411a2 elementor-widget-divider--view-line elementor-widget elementor-widget-divider\" data-id=\"d0411a2\" data-element_type=\"widget\" data-e-type=\"widget\" data-widget_type=\"divider.default\">\n\t\t\t\t\t\t\t<div class=\"elementor-divider\">\n\t\t\t<span class=\"elementor-divider-separator\">\n\t\t\t\t\t\t<\/span>\n\t\t<\/div>\n\t\t\t\t\t\t<\/div>\n\t\t\t\t<div class=\"elementor-element elementor-element-8391c01 elementor-widget elementor-widget-heading\" data-id=\"8391c01\" data-element_type=\"widget\" data-e-type=\"widget\" data-widget_type=\"heading.default\">\n\t\t\t\t\t<h1 class=\"elementor-heading-title elementor-size-default\">Sobre nosotros - Islands 4 You | Excursiones en barco en Faro<\/h1>\t\t\t\t<\/div>\n\t\t\t\t\t<\/div>\n\t\t<\/div>\n\t\t\t\t\t<\/div>\n\t\t<\/section>\n\t\t\t\t<section class=\"elementor-section elementor-top-section elementor-element elementor-element-98d7816 elementor-section-boxed elementor-section-height-default elementor-section-height-default\" data-id=\"98d7816\" data-element_type=\"section\" data-e-type=\"section\" data-settings=\"{&quot;background_background&quot;:&quot;classic&quot;}\">\n\t\t\t\t\t\t\t<div class=\"elementor-background-overlay\"><\/div>\n\t\t\t\t\t\t\t<div class=\"elementor-container elementor-column-gap-no\">\n\t\t\t\t\t<div class=\"elementor-column elementor-col-100 elementor-top-column elementor-element elementor-element-cd1267b\" data-id=\"cd1267b\" data-element_type=\"column\" data-e-type=\"column\">\n\t\t\t<div class=\"elementor-widget-wrap elementor-element-populated\">\n\t\t\t\t\t\t<div class=\"elementor-element elementor-element-3fc072d elementor-widget elementor-widget-heading\" data-id=\"3fc072d\" data-element_type=\"widget\" data-e-type=\"widget\" data-widget_type=\"heading.default\">\n\t\t\t\t\t<h2 class=\"elementor-heading-title elementor-size-default\">Islands 4 You | Ria formosa<\/h2>\t\t\t\t<\/div>\n\t\t\t\t<div class=\"elementor-element elementor-element-a45612a elementor-widget-divider--view-line elementor-widget elementor-widget-divider\" data-id=\"a45612a\" data-element_type=\"widget\" data-e-type=\"widget\" data-widget_type=\"divider.default\">\n\t\t\t\t\t\t\t<div class=\"elementor-divider\">\n\t\t\t<span class=\"elementor-divider-separator\">\n\t\t\t\t\t\t<\/span>\n\t\t<\/div>\n\t\t\t\t\t\t<\/div>\n\t\t\t\t<section class=\"elementor-section elementor-inner-section elementor-element elementor-element-23b2897 elementor-section-content-top elementor-section-boxed elementor-section-height-default elementor-section-height-default\" data-id=\"23b2897\" data-element_type=\"section\" data-e-type=\"section\">\n\t\t\t\t\t\t<div class=\"elementor-container elementor-column-gap-no\">\n\t\t\t\t\t<div class=\"elementor-column elementor-col-100 elementor-inner-column elementor-element elementor-element-d9051ab\" data-id=\"d9051ab\" data-element_type=\"column\" data-e-type=\"column\">\n\t\t\t<div class=\"elementor-widget-wrap elementor-element-populated\">\n\t\t\t\t\t\t<div class=\"elementor-element elementor-element-3e4b438 elementor-widget elementor-widget-text-editor\" data-id=\"3e4b438\" data-element_type=\"widget\" data-e-type=\"widget\" data-widget_type=\"text-editor.default\">\n\t\t\t\t\t\t\t\t\t<p style=\"text-align: justify;\">Somos una empresa familiar de ecoturismo que te llevar\u00e1 a vivir una experiencia \u00fanica en una de las 7 maravillas naturales de Portugal: el Parque Natural de Ria Formosa.<\/p>\t\t\t\t\t\t\t\t<\/div>\n\t\t\t\t<div class=\"elementor-element elementor-element-dfc48a7 elementor-widget elementor-widget-text-editor\" data-id=\"dfc48a7\" data-element_type=\"widget\" data-e-type=\"widget\" data-widget_type=\"text-editor.default\">\n\t\t\t\t\t\t\t\t\t<p style=\"text-align: justify;\">Desde 2016 nos centramos en el turismo de naturaleza y el ecoturismo, con un equipo de gu\u00edas locales que son profesionales experimentados, cuidadosamente seleccionados y apasionados por la naturaleza y el entorno que la rodea.<\/p>\t\t\t\t\t\t\t\t<\/div>\n\t\t\t\t<div class=\"elementor-element elementor-element-38ff67b elementor-widget elementor-widget-text-editor\" data-id=\"38ff67b\" data-element_type=\"widget\" data-e-type=\"widget\" data-widget_type=\"text-editor.default\">\n\t\t\t\t\t\t\t\t\t<p class=\"\" style=\"text-align: justify;\" data-start=\"358\" data-end=\"803\">Los <a href=\"https:\/\/islands4you.pt\/es\/experiencias\/\" target=\"_blank\" rel=\"noopener\">viajes en barco por F<\/a> aro son la esencia de todo lo que hacemos en Islands 4 You. Con sede en la encantadora e hist\u00f3rica ciudad de Faro, nuestra misi\u00f3n es ofrecer excursiones en barco realmente memorables y aut\u00e9nticas por el impresionante Parque Natural de la R\u00eda Formosa, una de las maravillas naturales m\u00e1s preciadas de Portugal. Nuestras excursiones est\u00e1n dise\u00f1adas para quienes buscan algo m\u00e1s que hacer turismo. Proporcionamos experiencias inmersivas que combinan naturaleza, cultura y conexi\u00f3n personal.   <\/p><h3 data-start=\"805\" data-end=\"819\"> <\/h3><h3 class=\"\" style=\"text-align: justify;\" data-start=\"1495\" data-end=\"1536\"><span style=\"font-size: 14pt; color: #800000;\">Qui\u00e9nes somos<\/span><\/h3><p style=\"text-align: justify;\" data-start=\"805\" data-end=\"819\">Islands 4 You se fund\u00f3 con un objetivo sencillo: ayudar a los viajeros a descubrir la verdadera magia del Algarve por mar. Somos una empresa familiar local, apasionada por la regi\u00f3n que llamamos hogar. Nuestra tripulaci\u00f3n est\u00e1 formada por profesionales experimentados y amantes de la naturaleza, deseosos de compartir la belleza oculta de la R\u00eda Formosa y sus islas con visitantes de todo el mundo.  <\/p><p style=\"text-align: justify;\" data-start=\"805\" data-end=\"819\">A diferencia de los grandes operadores, nos centramos en grupos peque\u00f1os para garantizar que cada hu\u00e9sped recibe una atenci\u00f3n personalizada. Tanto si eres una pareja que busca una escapada rom\u00e1ntica, una familia que busca una aventura divertida o un viajero solitario con ganas de explorar, nuestro equipo se compromete a hacer que tu tiempo en el agua sea especial. <\/p><h3 data-start=\"1495\" data-end=\"1536\"> <\/h3><h3 class=\"\" style=\"text-align: justify;\" data-start=\"1495\" data-end=\"1536\"><span style=\"font-size: 14pt; color: #800000;\">Qu\u00e9 hace que nuestras excursiones en barco en Faro sean \u00fanicas  <\/span><\/h3><p class=\"\" style=\"text-align: justify;\" data-start=\"1538\" data-end=\"1867\">La R\u00eda Formosa es un estuario de extraordinaria biodiversidad y serena belleza. Alberga especies de aves protegidas, canales tranquilos, playas de arena blanca y pueblos pesqueros tradicionales. Nuestras excursiones en barco por Faro est\u00e1n dise\u00f1adas para resaltar la riqueza de este entorno, al tiempo que ofrecen una forma pac\u00edfica y ecol\u00f3gicamente consciente de explorarlo.  <\/p><p class=\"\" style=\"text-align: justify;\" data-start=\"1869\" data-end=\"2352\">Cada viaje es diferente. Dependiendo de la \u00e9poca del a\u00f1o y de las condiciones de las mareas, adaptamos nuestras rutas para ofrecerte la mejor experiencia posible. Puedes visitar la tranquila isla de Culatra, con su encantadora comunidad de pescadores, o parar en la casi virgen Ilha Deserta, ideal para un relajante paseo o un ba\u00f1o en sus aguas cristalinas. Durante las temporadas de migraci\u00f3n, a menudo avistamos flamencos y otras aves raras, lo que convierte nuestras excursiones en las favoritas de los aficionados a la observaci\u00f3n de aves.   <\/p><p class=\"\" style=\"text-align: justify;\" data-start=\"2354\" data-end=\"2545\">Nuestros barcos son c\u00f3modos, seguros e ideales para una navegaci\u00f3n tranquila y panor\u00e1mica. No encontrar\u00e1s motores ruidosos ni cubiertas abarrotadas: s\u00f3lo navegaci\u00f3n tranquila, conocimientos locales y aut\u00e9ntica hospitalidad. <\/p><p data-start=\"2354\" data-end=\"2545\"> <\/p><h3 class=\"\" style=\"text-align: justify;\" data-start=\"1495\" data-end=\"1536\"><span style=\"font-size: 14pt; color: #800000;\">Miles de opiniones  <\/span><\/h3><p class=\"\" style=\"text-align: justify;\" data-start=\"2573\" data-end=\"2922\">Con miles de opiniones de cinco estrellas en plataformas como <a href=\"https:\/\/www.google.com\/search?sa=X&amp;sca_esv=1be3608af9439826&amp;authuser=0&amp;hl=pt-PT&amp;gl=pt&amp;tbm=lcl&amp;q=Islands+4+you+Cr%C3%ADticas&amp;rflfq=1&amp;num=20&amp;stick=H4sIAAAAAAAAAONgkxI2NzI1MDQ1Mza0NDIwMDaxNDGx2MDI-IpR3LM4JzEvpVjBRKEyv1TBuejw2pLM5MTiRay4ZADSiN_TTgAAAA&amp;rldimm=7250156319200349448&amp;ved=2ahUKEwjOsLPS3LqNAxVYRPEDHZhUMVgQ9fQKegQISxAF&amp;biw=1229&amp;bih=556&amp;dpr=1.56#lkt=LocalPoiReviews\" target=\"_blank\" rel=\"noopener\">Google<\/a>, <a href=\"https:\/\/www.tripadvisor.pt\/Attraction_Review-g189116-d10353300-Reviews-Islands_4_You-Faro_Faro_District_Algarve.html\" target=\"_blank\" rel=\"noopener\">TripAdvisor<\/a> y <a href=\"https:\/\/www.getyourguide.com\/pt-br\/algarve-l66\/faro-ria-formosa-passeio-de-barco-pelas-ilhas-faro-t64208\/?ranking_uuid=66f25a7e-c4d5-4e4e-8e1a-46c586af4a56\" target=\"_blank\" rel=\"noopener\">GetYourGuide,<\/a> Islands 4 You se ha convertido en una de las mejores opciones para excursiones en barco en Faro. Estamos orgullosos de nuestra reputaci\u00f3n de calidad, honestidad y amabilidad. La mayor\u00eda de nuestros clientes nos conocen por el boca a boca, volviendo a\u00f1o tras a\u00f1o o recomend\u00e1ndonos a amigos y familiares.  <\/p><p class=\"\" style=\"text-align: justify;\" data-start=\"2924\" data-end=\"3090\">Lo que nos diferencia no es s\u00f3lo la belleza natural de la R\u00eda Formosa, sino la forma en que te hacemos sentir. Nuestros hu\u00e9spedes nos dicen a menudo que llegan como clientes pero se van como amigos. <\/p><h3 data-start=\"3092\" data-end=\"3133\"> <\/h3><h3 class=\"\" style=\"text-align: left;\" data-start=\"3092\" data-end=\"3133\"><span style=\"color: #800000; font-size: 14pt;\">M\u00e1s que una excursi\u00f3n: una experiencia local  <\/span><\/h3><p class=\"\" style=\"text-align: justify;\" data-start=\"3135\" data-end=\"3471\">En Islands 4 You, creemos que una excursi\u00f3n en barco debe ser algo m\u00e1s que un simple paseo. Deber\u00eda ser una experiencia cultural, un momento de paz y una aut\u00e9ntica conexi\u00f3n con la naturaleza y las personas. Nos tomamos el tiempo necesario para explicar la historia de las islas, las formas de vida tradicionales y la importancia de preservar este ecosistema para las generaciones futuras.  <\/p><p class=\"\" style=\"text-align: justify;\" data-start=\"3473\" data-end=\"3677\">Tambi\u00e9n apoyamos la econom\u00eda local trabajando con proveedores regionales y recomendando a nuestros hu\u00e9spedes restaurantes y artesanos locales. La sostenibilidad y la autenticidad son valores que llevamos a todo lo que hacemos. <\/p><h3 data-start=\"3679\" data-end=\"3703\"> <\/h3><h3 class=\"\" style=\"text-align: justify;\" data-start=\"3679\" data-end=\"3703\"><span style=\"font-size: 14pt; color: #800000;\">\u00danete a nosotros en el agua<\/span><\/h3><p class=\"\" style=\"text-align: justify;\" data-start=\"3705\" data-end=\"3968\">Si buscas excursiones en barco desde Faro que vayan m\u00e1s all\u00e1 de las rutas tur\u00edsticas habituales, Islands 4 You es la elecci\u00f3n perfecta. Te invitamos a escapar de las multitudes, sentir la brisa marina y descubrir el alma del Algarve de una forma que s\u00f3lo un viaje en barco puede proporcionar. <\/p><p class=\"\" style=\"text-align: justify;\" data-start=\"3970\" data-end=\"4064\">Deja que te mostremos la belleza de la <a href=\"https:\/\/islands4you.pt\/es\/ria-formosa\/<br>\u00bb target=\u00bb_blank\u00bb rel=\u00bbnoopener\u00bb>R\u00eda Formosa<\/a> a trav\u00e9s de los ojos de quienes mejor la conocen y la aman.<\/p>\t\t\t\t\t\t\t\t<\/div>\n\t\t\t\t\t<\/div>\n\t\t<\/div>\n\t\t\t\t\t<\/div>\n\t\t<\/section>\n\t\t\t\t\t<\/div>\n\t\t<\/div>\n\t\t\t\t\t<\/div>\n\t\t<\/section>\n\t\t\t\t<section class=\"elementor-section elementor-top-section elementor-element elementor-element-2a5d91d elementor-section-full_width elementor-section-height-default elementor-section-height-default\" data-id=\"2a5d91d\" data-element_type=\"section\" data-e-type=\"section\">\n\t\t\t\t\t\t<div class=\"elementor-container elementor-column-gap-no\">\n\t\t\t\t\t<div class=\"elementor-column elementor-col-100 elementor-top-column elementor-element elementor-element-19455f0b\" data-id=\"19455f0b\" data-element_type=\"column\" data-e-type=\"column\" data-settings=\"{&quot;background_background&quot;:&quot;classic&quot;}\">\n\t\t\t<div class=\"elementor-widget-wrap elementor-element-populated\">\n\t\t\t\t\t<div class=\"elementor-background-overlay\"><\/div>\n\t\t\t\t\t\t<div class=\"elementor-element elementor-element-1f2aff53 elementor-widget elementor-widget-spacer\" data-id=\"1f2aff53\" data-element_type=\"widget\" data-e-type=\"widget\" data-widget_type=\"spacer.default\">\n\t\t\t\t\t\t\t<div class=\"elementor-spacer\">\n\t\t\t<div class=\"elementor-spacer-inner\"><\/div>\n\t\t<\/div>\n\t\t\t\t\t\t<\/div>\n\t\t\t\t\t<\/div>\n\t\t<\/div>\n\t\t\t\t\t<\/div>\n\t\t<\/section>\n\t\t\t\t<section class=\"elementor-section elementor-top-section elementor-element elementor-element-07f109a elementor-section-boxed elementor-section-height-default elementor-section-height-default\" data-id=\"07f109a\" data-element_type=\"section\" data-e-type=\"section\" data-settings=\"{&quot;background_background&quot;:&quot;classic&quot;}\">\n\t\t\t\t\t\t<div class=\"elementor-container elementor-column-gap-no\">\n\t\t\t\t\t<div class=\"elementor-column elementor-col-100 elementor-top-column elementor-element elementor-element-b1cbb8e\" data-id=\"b1cbb8e\" data-element_type=\"column\" data-e-type=\"column\">\n\t\t\t<div class=\"elementor-widget-wrap elementor-element-populated\">\n\t\t\t\t\t\t<section class=\"elementor-section elementor-inner-section elementor-element elementor-element-24d88b2 elementor-section-boxed elementor-section-height-default elementor-section-height-default\" data-id=\"24d88b2\" data-element_type=\"section\" data-e-type=\"section\">\n\t\t\t\t\t\t<div class=\"elementor-container elementor-column-gap-no\">\n\t\t\t\t\t<div class=\"elementor-column elementor-col-16 elementor-inner-column elementor-element elementor-element-d850729\" data-id=\"d850729\" data-element_type=\"column\" data-e-type=\"column\">\n\t\t\t<div class=\"elementor-widget-wrap\">\n\t\t\t\t\t\t\t<\/div>\n\t\t<\/div>\n\t\t\t\t<div class=\"elementor-column elementor-col-66 elementor-inner-column elementor-element elementor-element-d324105\" data-id=\"d324105\" data-element_type=\"column\" data-e-type=\"column\">\n\t\t\t<div class=\"elementor-widget-wrap elementor-element-populated\">\n\t\t\t\t\t\t<div class=\"elementor-element elementor-element-c693b28 elementor-widget-divider--view-line elementor-widget elementor-widget-divider\" data-id=\"c693b28\" data-element_type=\"widget\" data-e-type=\"widget\" data-widget_type=\"divider.default\">\n\t\t\t\t\t\t\t<div class=\"elementor-divider\">\n\t\t\t<span class=\"elementor-divider-separator\">\n\t\t\t\t\t\t<\/span>\n\t\t<\/div>\n\t\t\t\t\t\t<\/div>\n\t\t\t\t<div class=\"elementor-element elementor-element-1916dec elementor-widget elementor-widget-heading\" data-id=\"1916dec\" data-element_type=\"widget\" data-e-type=\"widget\" data-widget_type=\"heading.default\">\n\t\t\t\t\t<h2 class=\"elementor-heading-title elementor-size-default\">Tu experiencia empieza aqu\u00ed<\/h2>\t\t\t\t<\/div>\n\t\t\t\t<div class=\"elementor-element elementor-element-fae0aa4 elementor-widget elementor-widget-text-editor\" data-id=\"fae0aa4\" data-element_type=\"widget\" data-e-type=\"widget\" data-widget_type=\"text-editor.default\">\n\t\t\t\t\t\t\t\t\t<p>\u00a1Consulta los programas m\u00e1s populares y emb\u00e1rcate en una pasi\u00f3n indeleble por el agua salada que superar\u00e1 todas tus expectativas!<\/p>\t\t\t\t\t\t\t\t<\/div>\n\t\t\t\t<div class=\"elementor-element elementor-element-fc3d523 elementor-align-center elementor-widget elementor-widget-button\" data-id=\"fc3d523\" data-element_type=\"widget\" data-e-type=\"widget\" data-widget_type=\"button.default\">\n\t\t\t\t\t\t\t\t\t\t<a class=\"elementor-button elementor-button-link elementor-size-sm\" href=\"https:\/\/islands4you.pt\/es\/experiencias\/\">\n\t\t\t\t\t\t<span class=\"elementor-button-content-wrapper\">\n\t\t\t\t\t\t\t\t\t<span class=\"elementor-button-text\">Ver programas<\/span>\n\t\t\t\t\t<\/span>\n\t\t\t\t\t<\/a>\n\t\t\t\t\t\t\t\t<\/div>\n\t\t\t\t\t<\/div>\n\t\t<\/div>\n\t\t\t\t<div class=\"elementor-column elementor-col-16 elementor-inner-column elementor-element elementor-element-7ae5e6f\" data-id=\"7ae5e6f\" data-element_type=\"column\" data-e-type=\"column\">\n\t\t\t<div class=\"elementor-widget-wrap\">\n\t\t\t\t\t\t\t<\/div>\n\t\t<\/div>\n\t\t\t\t\t<\/div>\n\t\t<\/section>\n\t\t\t\t\t<\/div>\n\t\t<\/div>\n\t\t\t\t\t<\/div>\n\t\t<\/section>\n\t\t\t\t<\/div>\n\t\t","protected":false},"excerpt":{"rendered":"<p>Sobre nosotros &#8211; Islands 4 You | Excursiones en barco en Faro Islands 4 You | Ria formosa Somos una empresa familiar de ecoturismo que te llevar\u00e1 a vivir una experiencia \u00fanica en una de las 7 maravillas naturales de Portugal: el Parque Natural de Ria Formosa. Desde 2016 nos centramos en el turismo de [&hellip;]<\/p>\n","protected":false},"author":2,"featured_media":0,"parent":0,"menu_order":0,"comment_status":"closed","ping_status":"closed","template":"","meta":{"site-sidebar-layout":"no-sidebar","site-content-layout":"page-builder","ast-site-content-layout":"default","site-content-style":"default","site-sidebar-style":"default","ast-global-header-display":"","ast-banner-title-visibility":"","ast-main-header-display":"","ast-hfb-above-header-display":"","ast-hfb-below-header-display":"","ast-hfb-mobile-header-display":"","site-post-title":"disabled","ast-breadcrumbs-content":"disabled","ast-featured-img":"disabled","footer-sml-layout":"","ast-disable-related-posts":"","theme-transparent-header-meta":"enabled","adv-header-id-meta":"","stick-header-meta":"","header-above-stick-meta":"","header-main-stick-meta":"","header-below-stick-meta":"","astra-migrate-meta-layouts":"default","ast-page-background-enabled":"default","ast-page-background-meta":{"desktop":{"background-color":"","background-image":"","background-repeat":"repeat","background-position":"center center","background-size":"auto","background-attachment":"scroll","background-type":"","background-media":"","overlay-type":"","overlay-color":"","overlay-opacity":"","overlay-gradient":""},"tablet":{"background-color":"","background-image":"","background-repeat":"repeat","background-position":"center center","background-size":"auto","background-attachment":"scroll","background-type":"","background-media":"","overlay-type":"","overlay-color":"","overlay-opacity":"","overlay-gradient":""},"mobile":{"background-color":"","background-image":"","background-repeat":"repeat","background-position":"center center","background-size":"auto","background-attachment":"scroll","background-type":"","background-media":"","overlay-type":"","overlay-color":"","overlay-opacity":"","overlay-gradient":""}},"ast-content-background-meta":{"desktop":{"background-color":"var(--ast-global-color-5)","background-image":"","background-repeat":"repeat","background-position":"center center","background-size":"auto","background-attachment":"scroll","background-type":"","background-media":"","overlay-type":"","overlay-color":"","overlay-opacity":"","overlay-gradient":""},"tablet":{"background-color":"var(--ast-global-color-5)","background-image":"","background-repeat":"repeat","background-position":"center center","background-size":"auto","background-attachment":"scroll","background-type":"","background-media":"","overlay-type":"","overlay-color":"","overlay-opacity":"","overlay-gradient":""},"mobile":{"background-color":"var(--ast-global-color-5)","background-image":"","background-repeat":"repeat","background-position":"center center","background-size":"auto","background-attachment":"scroll","background-type":"","background-media":"","overlay-type":"","overlay-color":"","overlay-opacity":"","overlay-gradient":""}},"footnotes":""},"class_list":["post-13776","page","type-page","status-publish","hentry"],"_links":{"self":[{"href":"https:\/\/islands4you.pt\/es\/wp-json\/wp\/v2\/pages\/13776","targetHints":{"allow":["GET"]}}],"collection":[{"href":"https:\/\/islands4you.pt\/es\/wp-json\/wp\/v2\/pages"}],"about":[{"href":"https:\/\/islands4you.pt\/es\/wp-json\/wp\/v2\/types\/page"}],"author":[{"embeddable":true,"href":"https:\/\/islands4you.pt\/es\/wp-json\/wp\/v2\/users\/2"}],"replies":[{"embeddable":true,"href":"https:\/\/islands4you.pt\/es\/wp-json\/wp\/v2\/comments?post=13776"}],"version-history":[{"count":3,"href":"https:\/\/islands4you.pt\/es\/wp-json\/wp\/v2\/pages\/13776\/revisions"}],"predecessor-version":[{"id":15911,"href":"https:\/\/islands4you.pt\/es\/wp-json\/wp\/v2\/pages\/13776\/revisions\/15911"}],"wp:attachment":[{"href":"https:\/\/islands4you.pt\/es\/wp-json\/wp\/v2\/media?parent=13776"}],"curies":[{"name":"wp","href":"https:\/\/api.w.org\/{rel}","templated":true}]}}