{"id":13789,"date":"2022-02-04T13:26:58","date_gmt":"2022-02-04T13:26:58","guid":{"rendered":"https:\/\/islands4you.pt\/derechos-de-autor-y-otros-derechos-de-propiedad\/"},"modified":"2025-04-12T20:01:07","modified_gmt":"2025-04-12T20:01:07","slug":"derechos-de-autor-y-otros-derechos-de-propiedad","status":"publish","type":"page","link":"https:\/\/islands4you.pt\/es\/derechos-de-autor-y-otros-derechos-de-propiedad\/","title":{"rendered":"Derechos de autor y otros derechos de propiedad"},"content":{"rendered":"\n<p id=\"o-conteudo-deste-website-incluindo-marcas-desenhos-logotipos-texto-imagens-materiais-audio-e-de-video-e-propriedade-da-islands-4-you-turismo-e-natureza-lda-a-menos-que-indicado-de-outro-modo-atraves-de-uma-referencia-a-sua-fonte-e-esta-protegido-nos-termos-gerais-de-direito-e-pela-legislacao-nacional-e-internacional-de-protecao-da-propriedade-intelectual-nao-e-permitido-exibir-reproduzir-distribuir-modificar-transmitir-ou-usar-os-conteudos-de-forma-alguma-para-nenhum-proposito-publico-ou-comercial-sem-o-previo-e-expresso-consentimento-por-escrito\">El contenido de este sitio web, incluyendo marcas, dise\u00f1os, logotipos, textos, im\u00e1genes, materiales de audio y v\u00eddeo, es propiedad de Islands 4 You Turismo e Natureza, Lda, a menos que se indique lo contrario mediante una referencia a su fuente, y est\u00e1 protegido en los t\u00e9rminos generales de la ley y por la legislaci\u00f3n nacional e internacional de protecci\u00f3n de la Propiedad Intelectual. No puedes mostrar, reproducir, distribuir, modificar, transmitir o utilizar los contenidos de ninguna forma para fines p\u00fablicos o comerciales sin el consentimiento previo, expreso y por escrito. <\/p>\n\n<p>Sin embargo, el usuario puede imprimir cualquier extracto del material contenido en estos sitios siempre que no se altere en modo alguno, sea para uso personal y no comercial, e incluya una indicaci\u00f3n de la fuente y del copyright, y siempre que no se elimine cualquier otra indicaci\u00f3n de propiedad.<\/p>\n","protected":false},"excerpt":{"rendered":"<p>El contenido de este sitio web, incluyendo marcas, dise\u00f1os, logotipos, textos, im\u00e1genes, materiales de audio y v\u00eddeo, es propiedad de Islands 4 You Turismo e Natureza, Lda, a menos que se indique lo contrario mediante una referencia a su fuente, y est\u00e1 protegido en los t\u00e9rminos generales de la ley y por la legislaci\u00f3n nacional [&hellip;]<\/p>\n","protected":false},"author":2,"featured_media":0,"parent":0,"menu_order":0,"comment_status":"closed","ping_status":"closed","template":"","meta":{"site-sidebar-layout":"default","site-content-layout":"","ast-site-content-layout":"default","site-content-style":"default","site-sidebar-style":"default","ast-global-header-display":"","ast-banner-title-visibility":"","ast-main-header-display":"","ast-hfb-above-header-display":"","ast-hfb-below-header-display":"","ast-hfb-mobile-header-display":"","site-post-title":"","ast-breadcrumbs-content":"","ast-featured-img":"","footer-sml-layout":"","ast-disable-related-posts":"","theme-transparent-header-meta":"","adv-header-id-meta":"","stick-header-meta":"","header-above-stick-meta":"","header-main-stick-meta":"","header-below-stick-meta":"","astra-migrate-meta-layouts":"default","ast-page-background-enabled":"default","ast-page-background-meta":{"desktop":{"background-color":"","background-image":"","background-repeat":"repeat","background-position":"center center","background-size":"auto","background-attachment":"scroll","background-type":"","background-media":"","overlay-type":"","overlay-color":"","overlay-opacity":"","overlay-gradient":""},"tablet":{"background-color":"","background-image":"","background-repeat":"repeat","background-position":"center center","background-size":"auto","background-attachment":"scroll","background-type":"","background-media":"","overlay-type":"","overlay-color":"","overlay-opacity":"","overlay-gradient":""},"mobile":{"background-color":"","background-image":"","background-repeat":"repeat","background-position":"center center","background-size":"auto","background-attachment":"scroll","background-type":"","background-media":"","overlay-type":"","overlay-color":"","overlay-opacity":"","overlay-gradient":""}},"ast-content-background-meta":{"desktop":{"background-color":"var(--ast-global-color-5)","background-image":"","background-repeat":"repeat","background-position":"center center","background-size":"auto","background-attachment":"scroll","background-type":"","background-media":"","overlay-type":"","overlay-color":"","overlay-opacity":"","overlay-gradient":""},"tablet":{"background-color":"var(--ast-global-color-5)","background-image":"","background-repeat":"repeat","background-position":"center center","background-size":"auto","background-attachment":"scroll","background-type":"","background-media":"","overlay-type":"","overlay-color":"","overlay-opacity":"","overlay-gradient":""},"mobile":{"background-color":"var(--ast-global-color-5)","background-image":"","background-repeat":"repeat","background-position":"center center","background-size":"auto","background-attachment":"scroll","background-type":"","background-media":"","overlay-type":"","overlay-color":"","overlay-opacity":"","overlay-gradient":""}},"footnotes":""},"class_list":["post-13789","page","type-page","status-publish","hentry"],"_links":{"self":[{"href":"https:\/\/islands4you.pt\/es\/wp-json\/wp\/v2\/pages\/13789","targetHints":{"allow":["GET"]}}],"collection":[{"href":"https:\/\/islands4you.pt\/es\/wp-json\/wp\/v2\/pages"}],"about":[{"href":"https:\/\/islands4you.pt\/es\/wp-json\/wp\/v2\/types\/page"}],"author":[{"embeddable":true,"href":"https:\/\/islands4you.pt\/es\/wp-json\/wp\/v2\/users\/2"}],"replies":[{"embeddable":true,"href":"https:\/\/islands4you.pt\/es\/wp-json\/wp\/v2\/comments?post=13789"}],"version-history":[{"count":2,"href":"https:\/\/islands4you.pt\/es\/wp-json\/wp\/v2\/pages\/13789\/revisions"}],"predecessor-version":[{"id":13792,"href":"https:\/\/islands4you.pt\/es\/wp-json\/wp\/v2\/pages\/13789\/revisions\/13792"}],"wp:attachment":[{"href":"https:\/\/islands4you.pt\/es\/wp-json\/wp\/v2\/media?parent=13789"}],"curies":[{"name":"wp","href":"https:\/\/api.w.org\/{rel}","templated":true}]}}