{"id":2606,"date":"2022-02-04T13:26:58","date_gmt":"2022-02-04T13:26:58","guid":{"rendered":"https:\/\/islands4you.pt\/copyright-et-autres-droits-de-propriete\/"},"modified":"2024-05-14T21:58:21","modified_gmt":"2024-05-14T21:58:21","slug":"copyright-et-autres-droits-de-propriete","status":"publish","type":"page","link":"https:\/\/islands4you.pt\/fr\/copyright-et-autres-droits-de-propriete\/","title":{"rendered":"Copyright et autres droits de propri\u00e9t\u00e9"},"content":{"rendered":"\n<p id=\"o-conteudo-deste-website-incluindo-marcas-desenhos-logotipos-texto-imagens-materiais-audio-e-de-video-e-propriedade-da-islands-4-you-turismo-e-natureza-lda-a-menos-que-indicado-de-outro-modo-atraves-de-uma-referencia-a-sua-fonte-e-esta-protegido-nos-termos-gerais-de-direito-e-pela-legislacao-nacional-e-internacional-de-protecao-da-propriedade-intelectual-nao-e-permitido-exibir-reproduzir-distribuir-modificar-transmitir-ou-usar-os-conteudos-de-forma-alguma-para-nenhum-proposito-publico-ou-comercial-sem-o-previo-e-expresso-consentimento-por-escrito\">Le contenu de ce site Web, y compris les marques de commerce, les dessins, les logos, le texte, les images, le mat\u00e9riel audio et vid\u00e9o, est la propri\u00e9t\u00e9 de Islands 4 You Tourism and Nature, Lda, sauf indication contraire par une r\u00e9f\u00e9rence \u00e0 sa source, et est prot\u00e9g\u00e9 par les conditions g\u00e9n\u00e9rales de la loi et la loi nationale et internationale sur la protection de la propri\u00e9t\u00e9 intellectuelle. Vous ne pouvez pas afficher, reproduire, distribuer, modifier, transmettre ou utiliser le contenu de quelque mani\u00e8re que ce soit \u00e0 des fins publiques ou commerciales sans consentement \u00e9crit pr\u00e9alable et expr\u00e8s.<\/p>\n\n<p>Cependant, vous pouvez imprimer tout extrait de mat\u00e9riel contenu sur ces sites \u00e0 condition qu\u2019il ne soit pas modifi\u00e9 de quelque mani\u00e8re que ce soit, que ce soit pour un usage personnel et non commercial, y compris l\u2019indication de la source et du droit d\u2019auteur, et \u00e0 condition qu\u2019une autre indication de propri\u00e9t\u00e9 ne soit pas supprim\u00e9e.<\/p>\n","protected":false},"excerpt":{"rendered":"<p>Le contenu de ce site Web, y compris les marques de commerce, les dessins, les logos, le texte, les images, le mat\u00e9riel audio et vid\u00e9o, est la propri\u00e9t\u00e9 de Islands 4 You Tourism and Nature, Lda, sauf indication contraire par une r\u00e9f\u00e9rence \u00e0 sa source, et est prot\u00e9g\u00e9 par les conditions g\u00e9n\u00e9rales de la loi [&hellip;]<\/p>\n","protected":false},"author":2,"featured_media":0,"parent":0,"menu_order":0,"comment_status":"closed","ping_status":"closed","template":"","meta":{"site-sidebar-layout":"default","site-content-layout":"","ast-site-content-layout":"default","site-content-style":"default","site-sidebar-style":"default","ast-global-header-display":"","ast-banner-title-visibility":"","ast-main-header-display":"","ast-hfb-above-header-display":"","ast-hfb-below-header-display":"","ast-hfb-mobile-header-display":"","site-post-title":"","ast-breadcrumbs-content":"","ast-featured-img":"","footer-sml-layout":"","ast-disable-related-posts":"","theme-transparent-header-meta":"","adv-header-id-meta":"","stick-header-meta":"","header-above-stick-meta":"","header-main-stick-meta":"","header-below-stick-meta":"","astra-migrate-meta-layouts":"default","ast-page-background-enabled":"default","ast-page-background-meta":{"desktop":{"background-color":"","background-image":"","background-repeat":"repeat","background-position":"center center","background-size":"auto","background-attachment":"scroll","background-type":"","background-media":"","overlay-type":"","overlay-color":"","overlay-opacity":"","overlay-gradient":""},"tablet":{"background-color":"","background-image":"","background-repeat":"repeat","background-position":"center center","background-size":"auto","background-attachment":"scroll","background-type":"","background-media":"","overlay-type":"","overlay-color":"","overlay-opacity":"","overlay-gradient":""},"mobile":{"background-color":"","background-image":"","background-repeat":"repeat","background-position":"center center","background-size":"auto","background-attachment":"scroll","background-type":"","background-media":"","overlay-type":"","overlay-color":"","overlay-opacity":"","overlay-gradient":""}},"ast-content-background-meta":{"desktop":{"background-color":"var(--ast-global-color-5)","background-image":"","background-repeat":"repeat","background-position":"center center","background-size":"auto","background-attachment":"scroll","background-type":"","background-media":"","overlay-type":"","overlay-color":"","overlay-opacity":"","overlay-gradient":""},"tablet":{"background-color":"var(--ast-global-color-5)","background-image":"","background-repeat":"repeat","background-position":"center center","background-size":"auto","background-attachment":"scroll","background-type":"","background-media":"","overlay-type":"","overlay-color":"","overlay-opacity":"","overlay-gradient":""},"mobile":{"background-color":"var(--ast-global-color-5)","background-image":"","background-repeat":"repeat","background-position":"center center","background-size":"auto","background-attachment":"scroll","background-type":"","background-media":"","overlay-type":"","overlay-color":"","overlay-opacity":"","overlay-gradient":""}},"footnotes":""},"class_list":["post-2606","page","type-page","status-publish","hentry"],"_links":{"self":[{"href":"https:\/\/islands4you.pt\/fr\/wp-json\/wp\/v2\/pages\/2606","targetHints":{"allow":["GET"]}}],"collection":[{"href":"https:\/\/islands4you.pt\/fr\/wp-json\/wp\/v2\/pages"}],"about":[{"href":"https:\/\/islands4you.pt\/fr\/wp-json\/wp\/v2\/types\/page"}],"author":[{"embeddable":true,"href":"https:\/\/islands4you.pt\/fr\/wp-json\/wp\/v2\/users\/2"}],"replies":[{"embeddable":true,"href":"https:\/\/islands4you.pt\/fr\/wp-json\/wp\/v2\/comments?post=2606"}],"version-history":[{"count":0,"href":"https:\/\/islands4you.pt\/fr\/wp-json\/wp\/v2\/pages\/2606\/revisions"}],"wp:attachment":[{"href":"https:\/\/islands4you.pt\/fr\/wp-json\/wp\/v2\/media?parent=2606"}],"curies":[{"name":"wp","href":"https:\/\/api.w.org\/{rel}","templated":true}]}}