{"id":2655,"date":"2019-09-16T10:03:39","date_gmt":"2019-09-16T10:03:39","guid":{"rendered":"https:\/\/islands4you.pt\/qui-sommes-nous\/"},"modified":"2025-05-23T23:23:54","modified_gmt":"2025-05-23T23:23:54","slug":"islands-4-you","status":"publish","type":"page","link":"https:\/\/islands4you.pt\/fr\/islands-4-you\/","title":{"rendered":"Qui sommes-nous"},"content":{"rendered":"\t\t<div data-elementor-type=\"wp-page\" data-elementor-id=\"2655\" class=\"elementor elementor-2655 elementor-455\" data-elementor-post-type=\"page\">\n\t\t\t\t\t\t<section class=\"elementor-section elementor-top-section elementor-element elementor-element-d07fce8 elementor-section-boxed elementor-section-height-default elementor-section-height-default\" data-id=\"d07fce8\" data-element_type=\"section\" data-e-type=\"section\" data-settings=\"{&quot;background_background&quot;:&quot;classic&quot;}\">\n\t\t\t\t\t\t\t<div class=\"elementor-background-overlay\"><\/div>\n\t\t\t\t\t\t\t<div class=\"elementor-container elementor-column-gap-no\">\n\t\t\t\t\t<div class=\"elementor-column elementor-col-100 elementor-top-column elementor-element elementor-element-11b1460\" data-id=\"11b1460\" data-element_type=\"column\" data-e-type=\"column\">\n\t\t\t<div class=\"elementor-widget-wrap elementor-element-populated\">\n\t\t\t\t\t\t<div class=\"elementor-element elementor-element-d0411a2 elementor-widget-divider--view-line elementor-widget elementor-widget-divider\" data-id=\"d0411a2\" data-element_type=\"widget\" data-e-type=\"widget\" data-widget_type=\"divider.default\">\n\t\t\t\t\t\t\t<div class=\"elementor-divider\">\n\t\t\t<span class=\"elementor-divider-separator\">\n\t\t\t\t\t\t<\/span>\n\t\t<\/div>\n\t\t\t\t\t\t<\/div>\n\t\t\t\t<div class=\"elementor-element elementor-element-8391c01 elementor-widget elementor-widget-heading\" data-id=\"8391c01\" data-element_type=\"widget\" data-e-type=\"widget\" data-widget_type=\"heading.default\">\n\t\t\t\t\t<h1 class=\"elementor-heading-title elementor-size-default\">\u00c0 propos de nous - Islands 4 You | Excursions en bateau \u00e0 Faro<\/h1>\t\t\t\t<\/div>\n\t\t\t\t\t<\/div>\n\t\t<\/div>\n\t\t\t\t\t<\/div>\n\t\t<\/section>\n\t\t\t\t<section class=\"elementor-section elementor-top-section elementor-element elementor-element-98d7816 elementor-section-boxed elementor-section-height-default elementor-section-height-default\" data-id=\"98d7816\" data-element_type=\"section\" data-e-type=\"section\" data-settings=\"{&quot;background_background&quot;:&quot;classic&quot;}\">\n\t\t\t\t\t\t\t<div class=\"elementor-background-overlay\"><\/div>\n\t\t\t\t\t\t\t<div class=\"elementor-container elementor-column-gap-no\">\n\t\t\t\t\t<div class=\"elementor-column elementor-col-100 elementor-top-column elementor-element elementor-element-cd1267b\" data-id=\"cd1267b\" data-element_type=\"column\" data-e-type=\"column\">\n\t\t\t<div class=\"elementor-widget-wrap elementor-element-populated\">\n\t\t\t\t\t\t<div class=\"elementor-element elementor-element-3fc072d elementor-widget elementor-widget-heading\" data-id=\"3fc072d\" data-element_type=\"widget\" data-e-type=\"widget\" data-widget_type=\"heading.default\">\n\t\t\t\t\t<h2 class=\"elementor-heading-title elementor-size-default\">Islands 4 You | Ria formosa<\/h2>\t\t\t\t<\/div>\n\t\t\t\t<div class=\"elementor-element elementor-element-a45612a elementor-widget-divider--view-line elementor-widget elementor-widget-divider\" data-id=\"a45612a\" data-element_type=\"widget\" data-e-type=\"widget\" data-widget_type=\"divider.default\">\n\t\t\t\t\t\t\t<div class=\"elementor-divider\">\n\t\t\t<span class=\"elementor-divider-separator\">\n\t\t\t\t\t\t<\/span>\n\t\t<\/div>\n\t\t\t\t\t\t<\/div>\n\t\t\t\t<section class=\"elementor-section elementor-inner-section elementor-element elementor-element-23b2897 elementor-section-content-top elementor-section-boxed elementor-section-height-default elementor-section-height-default\" data-id=\"23b2897\" data-element_type=\"section\" data-e-type=\"section\">\n\t\t\t\t\t\t<div class=\"elementor-container elementor-column-gap-no\">\n\t\t\t\t\t<div class=\"elementor-column elementor-col-100 elementor-inner-column elementor-element elementor-element-d9051ab\" data-id=\"d9051ab\" data-element_type=\"column\" data-e-type=\"column\">\n\t\t\t<div class=\"elementor-widget-wrap elementor-element-populated\">\n\t\t\t\t\t\t<div class=\"elementor-element elementor-element-3e4b438 elementor-widget elementor-widget-text-editor\" data-id=\"3e4b438\" data-element_type=\"widget\" data-e-type=\"widget\" data-widget_type=\"text-editor.default\">\n\t\t\t\t\t\t\t\t\t<p style=\"text-align: justify;\">Nous sommes une entreprise familiale d&rsquo;\u00e9cotourisme qui vous fera vivre une exp\u00e9rience unique dans l&rsquo;une des sept merveilles naturelles du Portugal : le parc naturel de la Ria Formosa.<\/p>\t\t\t\t\t\t\t\t<\/div>\n\t\t\t\t<div class=\"elementor-element elementor-element-dfc48a7 elementor-widget elementor-widget-text-editor\" data-id=\"dfc48a7\" data-element_type=\"widget\" data-e-type=\"widget\" data-widget_type=\"text-editor.default\">\n\t\t\t\t\t\t\t\t\t<p style=\"text-align: justify;\">Nous nous concentrons sur le tourisme de nature et l&rsquo;\u00e9cotourisme depuis 2016, avec une \u00e9quipe de guides locaux qui sont des professionnels exp\u00e9riment\u00e9s, soigneusement s\u00e9lectionn\u00e9s et passionn\u00e9s par la nature et l&rsquo;environnement qui l&rsquo;entoure.<\/p>\t\t\t\t\t\t\t\t<\/div>\n\t\t\t\t<div class=\"elementor-element elementor-element-38ff67b elementor-widget elementor-widget-text-editor\" data-id=\"38ff67b\" data-element_type=\"widget\" data-e-type=\"widget\" data-widget_type=\"text-editor.default\">\n\t\t\t\t\t\t\t\t\t<p class=\"\" style=\"text-align: justify;\" data-start=\"358\" data-end=\"803\">Les <a href=\"https:\/\/islands4you.pt\/fr\/experiences\/\" target=\"_blank\" rel=\"noopener\">excursions en bateau \u00e0 Faro<\/a> sont au c\u0153ur de tout ce que nous faisons \u00e0 Islands 4 You. Bas\u00e9s dans la charmante ville historique de Faro, notre mission est de proposer des excursions en bateau vraiment m\u00e9morables et authentiques dans le magnifique parc naturel de la Ria Formosa, l&rsquo;une des merveilles naturelles les plus pr\u00e9cieuses du Portugal. Nos excursions sont con\u00e7ues pour ceux qui recherchent plus qu&rsquo;une simple visite touristique. Nous proposons des exp\u00e9riences immersives qui combinent nature, culture et connexion personnelle.   <\/p><h3 data-start=\"805\" data-end=\"819\"> <\/h3><h3 class=\"\" style=\"text-align: justify;\" data-start=\"1495\" data-end=\"1536\"><span style=\"font-size: 14pt; color: #800000;\">Qui sommes-nous ?<\/span><\/h3><p style=\"text-align: justify;\" data-start=\"805\" data-end=\"819\">Islands 4 You a \u00e9t\u00e9 fond\u00e9e dans un but simple : aider les voyageurs \u00e0 d\u00e9couvrir la v\u00e9ritable magie de l&rsquo;Algarve par la mer. Nous sommes une entreprise familiale locale, passionn\u00e9e par la r\u00e9gion qui est la n\u00f4tre. Notre \u00e9quipage est compos\u00e9 de professionnels exp\u00e9riment\u00e9s et d&rsquo;amoureux de la nature, d\u00e9sireux de partager la beaut\u00e9 cach\u00e9e de la Ria Formosa et de ses \u00eeles avec des visiteurs du monde entier.  <\/p><p style=\"text-align: justify;\" data-start=\"805\" data-end=\"819\">Contrairement aux grands op\u00e9rateurs, nous nous concentrons sur les petits groupes afin de garantir que chaque client b\u00e9n\u00e9ficie d&rsquo;une attention personnalis\u00e9e. Que vous soyez un couple \u00e0 la recherche d&rsquo;une escapade romantique, une famille \u00e0 la recherche d&rsquo;une aventure amusante ou un voyageur solitaire d\u00e9sireux d&rsquo;explorer, notre \u00e9quipe s&rsquo;engage \u00e0 faire de votre temps sur l&rsquo;eau un moment sp\u00e9cial. <\/p><h3 data-start=\"1495\" data-end=\"1536\"> <\/h3><h3 class=\"\" style=\"text-align: justify;\" data-start=\"1495\" data-end=\"1536\"><span style=\"font-size: 14pt; color: #800000;\">Ce qui rend nos excursions en bateau \u00e0 Faro uniques  <\/span><\/h3><p class=\"\" style=\"text-align: justify;\" data-start=\"1538\" data-end=\"1867\">La Ria Formosa est un estuaire d&rsquo;une extraordinaire biodiversit\u00e9 et d&rsquo;une beaut\u00e9 sereine. Il abrite des esp\u00e8ces d&rsquo;oiseaux prot\u00e9g\u00e9es, des canaux tranquilles, des plages de sable blanc et des villages de p\u00eacheurs traditionnels. Nos excursions en bateau \u00e0 Faro sont con\u00e7ues pour mettre en valeur la richesse de cet environnement, tout en offrant une fa\u00e7on paisible et \u00e9cologique de l&rsquo;explorer.  <\/p><p class=\"\" style=\"text-align: justify;\" data-start=\"1869\" data-end=\"2352\">Chaque voyage est diff\u00e9rent. En fonction de la p\u00e9riode de l&rsquo;ann\u00e9e et des conditions de mar\u00e9e, nous adaptons nos itin\u00e9raires pour vous offrir la meilleure exp\u00e9rience possible. Vous pouvez visiter l&rsquo;\u00eele tranquille de Culatra, avec sa charmante communaut\u00e9 de p\u00eacheurs, ou vous arr\u00eater \u00e0 Ilha Deserta, presque intacte, id\u00e9ale pour une promenade relaxante ou une baignade dans les eaux cristallines. Pendant les saisons de migration, nous apercevons souvent des flamants roses et d&rsquo;autres oiseaux rares, ce qui fait de nos excursions un lieu de pr\u00e9dilection pour les amateurs d&rsquo;ornithologie.   <\/p><p class=\"\" style=\"text-align: justify;\" data-start=\"2354\" data-end=\"2545\">Nos bateaux sont confortables, s\u00fbrs et id\u00e9aux pour une navigation tranquille et pittoresque. Vous ne trouverez pas de moteurs bruyants ou de ponts encombr\u00e9s, mais une navigation en douceur, des connaissances locales et une hospitalit\u00e9 authentique. <\/p><p data-start=\"2354\" data-end=\"2545\"> <\/p><h3 class=\"\" style=\"text-align: justify;\" data-start=\"1495\" data-end=\"1536\"><span style=\"font-size: 14pt; color: #800000;\">Des milliers de commentaires  <\/span><\/h3><p class=\"\" style=\"text-align: justify;\" data-start=\"2573\" data-end=\"2922\">Avec des milliers d&rsquo;avis cinq \u00e9toiles sur des plateformes telles que <a href=\"https:\/\/www.google.com\/search?sa=X&amp;sca_esv=1be3608af9439826&amp;authuser=0&amp;hl=pt-PT&amp;gl=pt&amp;tbm=lcl&amp;q=Islands+4+you+Cr%C3%ADticas&amp;rflfq=1&amp;num=20&amp;stick=H4sIAAAAAAAAAONgkxI2NzI1MDQ1Mza0NDIwMDaxNDGx2MDI-IpR3LM4JzEvpVjBRKEyv1TBuejw2pLM5MTiRay4ZADSiN_TTgAAAA&amp;rldimm=7250156319200349448&amp;ved=2ahUKEwjOsLPS3LqNAxVYRPEDHZhUMVgQ9fQKegQISxAF&amp;biw=1229&amp;bih=556&amp;dpr=1.56#lkt=LocalPoiReviews\" target=\"_blank\" rel=\"noopener\">Google<\/a>, <a href=\"https:\/\/www.tripadvisor.pt\/Attraction_Review-g189116-d10353300-Reviews-Islands_4_You-Faro_Faro_District_Algarve.html\" target=\"_blank\" rel=\"noopener\">TripAdvisor<\/a> et <a href=\"https:\/\/www.getyourguide.com\/pt-br\/algarve-l66\/faro-ria-formosa-passeio-de-barco-pelas-ilhas-faro-t64208\/?ranking_uuid=66f25a7e-c4d5-4e4e-8e1a-46c586af4a56\" target=\"_blank\" rel=\"noopener\">GetYourGuide,<\/a> Islands 4 You est devenu l&rsquo;une des meilleures options pour les excursions en bateau \u00e0 Faro. Nous sommes fiers de notre r\u00e9putation de qualit\u00e9, d&rsquo;honn\u00eatet\u00e9 et de convivialit\u00e9. La plupart de nos clients nous connaissent de bouche \u00e0 oreille, revenant ann\u00e9e apr\u00e8s ann\u00e9e ou nous recommandant \u00e0 leurs amis et \u00e0 leur famille.  <\/p><p class=\"\" style=\"text-align: justify;\" data-start=\"2924\" data-end=\"3090\">Ce qui nous distingue, ce n&rsquo;est pas seulement la beaut\u00e9 naturelle de la Ria Formosa, c&rsquo;est la fa\u00e7on dont nous vous faisons sentir. Nos h\u00f4tes nous disent souvent qu&rsquo;ils arrivent en tant que clients, mais qu&rsquo;ils repartent en tant qu&rsquo;amis. <\/p><h3 data-start=\"3092\" data-end=\"3133\"> <\/h3><h3 class=\"\" style=\"text-align: left;\" data-start=\"3092\" data-end=\"3133\"><span style=\"color: #800000; font-size: 14pt;\">Plus qu&rsquo;une visite, une exp\u00e9rience locale  <\/span><\/h3><p class=\"\" style=\"text-align: justify;\" data-start=\"3135\" data-end=\"3471\">\u00c0 Islands 4 You, nous pensons qu&rsquo;une excursion en bateau doit \u00eatre plus qu&rsquo;une simple promenade. Elle doit \u00eatre une exp\u00e9rience culturelle, un moment de paix et une v\u00e9ritable connexion avec la nature et les gens. Nous prenons le temps d&rsquo;expliquer l&rsquo;histoire des \u00eeles, les modes de vie traditionnels et l&rsquo;importance de pr\u00e9server cet \u00e9cosyst\u00e8me pour les g\u00e9n\u00e9rations futures.  <\/p><p class=\"\" style=\"text-align: justify;\" data-start=\"3473\" data-end=\"3677\">Nous soutenons \u00e9galement l&rsquo;\u00e9conomie locale en travaillant avec des fournisseurs r\u00e9gionaux et en recommandant \u00e0 nos h\u00f4tes des restaurants et des artisans locaux. La durabilit\u00e9 et l&rsquo;authenticit\u00e9 sont des valeurs que nous portons dans tout ce que nous faisons. <\/p><h3 data-start=\"3679\" data-end=\"3703\"> <\/h3><h3 class=\"\" style=\"text-align: justify;\" data-start=\"3679\" data-end=\"3703\"><span style=\"font-size: 14pt; color: #800000;\">Rejoignez-nous sur l&rsquo;eau<\/span><\/h3><p class=\"\" style=\"text-align: justify;\" data-start=\"3705\" data-end=\"3968\">Si vous cherchez des excursions en bateau au d\u00e9part de Faro qui sortent des sentiers battus, Islands 4 You est le choix id\u00e9al. Nous vous invitons \u00e0 fuir les foules, \u00e0 sentir la brise marine et \u00e0 d\u00e9couvrir l&rsquo;\u00e2me de l&rsquo;Algarve d&rsquo;une mani\u00e8re que seule une excursion en bateau peut offrir. <\/p><p class=\"\" style=\"text-align: justify;\" data-start=\"3970\" data-end=\"4064\">Laissez-nous vous montrer la beaut\u00e9 de la <a href=\"https:\/\/islands4you.pt\/fr\/ria-formosa\/<br>\u00a0\u00bb target=\u00a0\u00bb_blank\u00a0\u00bb rel=\u00a0\u00bbnoopener\u00a0\u00bb>Ria Formosa<\/a> \u00e0 travers les yeux de ceux qui la connaissent et l&rsquo;aiment le mieux.<\/p>\t\t\t\t\t\t\t\t<\/div>\n\t\t\t\t\t<\/div>\n\t\t<\/div>\n\t\t\t\t\t<\/div>\n\t\t<\/section>\n\t\t\t\t\t<\/div>\n\t\t<\/div>\n\t\t\t\t\t<\/div>\n\t\t<\/section>\n\t\t\t\t<section class=\"elementor-section elementor-top-section elementor-element elementor-element-2a5d91d elementor-section-full_width elementor-section-height-default elementor-section-height-default\" data-id=\"2a5d91d\" data-element_type=\"section\" data-e-type=\"section\">\n\t\t\t\t\t\t<div class=\"elementor-container elementor-column-gap-no\">\n\t\t\t\t\t<div class=\"elementor-column elementor-col-100 elementor-top-column elementor-element elementor-element-19455f0b\" data-id=\"19455f0b\" data-element_type=\"column\" data-e-type=\"column\" data-settings=\"{&quot;background_background&quot;:&quot;classic&quot;}\">\n\t\t\t<div class=\"elementor-widget-wrap elementor-element-populated\">\n\t\t\t\t\t<div class=\"elementor-background-overlay\"><\/div>\n\t\t\t\t\t\t<div class=\"elementor-element elementor-element-1f2aff53 elementor-widget elementor-widget-spacer\" data-id=\"1f2aff53\" data-element_type=\"widget\" data-e-type=\"widget\" data-widget_type=\"spacer.default\">\n\t\t\t\t\t\t\t<div class=\"elementor-spacer\">\n\t\t\t<div class=\"elementor-spacer-inner\"><\/div>\n\t\t<\/div>\n\t\t\t\t\t\t<\/div>\n\t\t\t\t\t<\/div>\n\t\t<\/div>\n\t\t\t\t\t<\/div>\n\t\t<\/section>\n\t\t\t\t<section class=\"elementor-section elementor-top-section elementor-element elementor-element-07f109a elementor-section-boxed elementor-section-height-default elementor-section-height-default\" data-id=\"07f109a\" data-element_type=\"section\" data-e-type=\"section\" data-settings=\"{&quot;background_background&quot;:&quot;classic&quot;}\">\n\t\t\t\t\t\t<div class=\"elementor-container elementor-column-gap-no\">\n\t\t\t\t\t<div class=\"elementor-column elementor-col-100 elementor-top-column elementor-element elementor-element-b1cbb8e\" data-id=\"b1cbb8e\" data-element_type=\"column\" data-e-type=\"column\">\n\t\t\t<div class=\"elementor-widget-wrap elementor-element-populated\">\n\t\t\t\t\t\t<section class=\"elementor-section elementor-inner-section elementor-element elementor-element-24d88b2 elementor-section-boxed elementor-section-height-default elementor-section-height-default\" data-id=\"24d88b2\" data-element_type=\"section\" data-e-type=\"section\">\n\t\t\t\t\t\t<div class=\"elementor-container elementor-column-gap-no\">\n\t\t\t\t\t<div class=\"elementor-column elementor-col-16 elementor-inner-column elementor-element elementor-element-d850729\" data-id=\"d850729\" data-element_type=\"column\" data-e-type=\"column\">\n\t\t\t<div class=\"elementor-widget-wrap\">\n\t\t\t\t\t\t\t<\/div>\n\t\t<\/div>\n\t\t\t\t<div class=\"elementor-column elementor-col-66 elementor-inner-column elementor-element elementor-element-d324105\" data-id=\"d324105\" data-element_type=\"column\" data-e-type=\"column\">\n\t\t\t<div class=\"elementor-widget-wrap elementor-element-populated\">\n\t\t\t\t\t\t<div class=\"elementor-element elementor-element-c693b28 elementor-widget-divider--view-line elementor-widget elementor-widget-divider\" data-id=\"c693b28\" data-element_type=\"widget\" data-e-type=\"widget\" data-widget_type=\"divider.default\">\n\t\t\t\t\t\t\t<div class=\"elementor-divider\">\n\t\t\t<span class=\"elementor-divider-separator\">\n\t\t\t\t\t\t<\/span>\n\t\t<\/div>\n\t\t\t\t\t\t<\/div>\n\t\t\t\t<div class=\"elementor-element elementor-element-1916dec elementor-widget elementor-widget-heading\" data-id=\"1916dec\" data-element_type=\"widget\" data-e-type=\"widget\" data-widget_type=\"heading.default\">\n\t\t\t\t\t<h2 class=\"elementor-heading-title elementor-size-default\">Votre exp\u00e9rience commence ici<\/h2>\t\t\t\t<\/div>\n\t\t\t\t<div class=\"elementor-element elementor-element-fae0aa4 elementor-widget elementor-widget-text-editor\" data-id=\"fae0aa4\" data-element_type=\"widget\" data-e-type=\"widget\" data-widget_type=\"text-editor.default\">\n\t\t\t\t\t\t\t\t\t<p>D\u00e9couvrez les programmes les plus recherch\u00e9s et lancez-vous dans une passion ind\u00e9l\u00e9bile pour l\u2019eau sal\u00e9e qui d\u00e9passera toutes vos attentes!<\/p>\t\t\t\t\t\t\t\t<\/div>\n\t\t\t\t<div class=\"elementor-element elementor-element-fc3d523 elementor-align-center elementor-widget elementor-widget-button\" data-id=\"fc3d523\" data-element_type=\"widget\" data-e-type=\"widget\" data-widget_type=\"button.default\">\n\t\t\t\t\t\t\t\t\t\t<a class=\"elementor-button elementor-button-link elementor-size-sm\" href=\"https:\/\/islands4you.pt\/fr\/experiences\/\">\n\t\t\t\t\t\t<span class=\"elementor-button-content-wrapper\">\n\t\t\t\t\t\t\t\t\t<span class=\"elementor-button-text\">Voir les programmes<\/span>\n\t\t\t\t\t<\/span>\n\t\t\t\t\t<\/a>\n\t\t\t\t\t\t\t\t<\/div>\n\t\t\t\t\t<\/div>\n\t\t<\/div>\n\t\t\t\t<div class=\"elementor-column elementor-col-16 elementor-inner-column elementor-element elementor-element-7ae5e6f\" data-id=\"7ae5e6f\" data-element_type=\"column\" data-e-type=\"column\">\n\t\t\t<div class=\"elementor-widget-wrap\">\n\t\t\t\t\t\t\t<\/div>\n\t\t<\/div>\n\t\t\t\t\t<\/div>\n\t\t<\/section>\n\t\t\t\t\t<\/div>\n\t\t<\/div>\n\t\t\t\t\t<\/div>\n\t\t<\/section>\n\t\t\t\t<\/div>\n\t\t","protected":false},"excerpt":{"rendered":"<p>\u00c0 propos de nous &#8211; Islands 4 You | Excursions en bateau \u00e0 Faro Islands 4 You | Ria formosa Nous sommes une entreprise familiale d&rsquo;\u00e9cotourisme qui vous fera vivre une exp\u00e9rience unique dans l&rsquo;une des sept merveilles naturelles du Portugal : le parc naturel de la Ria Formosa. Nous nous concentrons sur le tourisme [&hellip;]<\/p>\n","protected":false},"author":2,"featured_media":0,"parent":0,"menu_order":0,"comment_status":"closed","ping_status":"closed","template":"","meta":{"site-sidebar-layout":"no-sidebar","site-content-layout":"page-builder","ast-site-content-layout":"default","site-content-style":"default","site-sidebar-style":"default","ast-global-header-display":"","ast-banner-title-visibility":"","ast-main-header-display":"","ast-hfb-above-header-display":"","ast-hfb-below-header-display":"","ast-hfb-mobile-header-display":"","site-post-title":"disabled","ast-breadcrumbs-content":"disabled","ast-featured-img":"disabled","footer-sml-layout":"","ast-disable-related-posts":"","theme-transparent-header-meta":"enabled","adv-header-id-meta":"","stick-header-meta":"","header-above-stick-meta":"","header-main-stick-meta":"","header-below-stick-meta":"","astra-migrate-meta-layouts":"default","ast-page-background-enabled":"default","ast-page-background-meta":{"desktop":{"background-color":"","background-image":"","background-repeat":"repeat","background-position":"center center","background-size":"auto","background-attachment":"scroll","background-type":"","background-media":"","overlay-type":"","overlay-color":"","overlay-opacity":"","overlay-gradient":""},"tablet":{"background-color":"","background-image":"","background-repeat":"repeat","background-position":"center center","background-size":"auto","background-attachment":"scroll","background-type":"","background-media":"","overlay-type":"","overlay-color":"","overlay-opacity":"","overlay-gradient":""},"mobile":{"background-color":"","background-image":"","background-repeat":"repeat","background-position":"center center","background-size":"auto","background-attachment":"scroll","background-type":"","background-media":"","overlay-type":"","overlay-color":"","overlay-opacity":"","overlay-gradient":""}},"ast-content-background-meta":{"desktop":{"background-color":"var(--ast-global-color-5)","background-image":"","background-repeat":"repeat","background-position":"center center","background-size":"auto","background-attachment":"scroll","background-type":"","background-media":"","overlay-type":"","overlay-color":"","overlay-opacity":"","overlay-gradient":""},"tablet":{"background-color":"var(--ast-global-color-5)","background-image":"","background-repeat":"repeat","background-position":"center center","background-size":"auto","background-attachment":"scroll","background-type":"","background-media":"","overlay-type":"","overlay-color":"","overlay-opacity":"","overlay-gradient":""},"mobile":{"background-color":"var(--ast-global-color-5)","background-image":"","background-repeat":"repeat","background-position":"center center","background-size":"auto","background-attachment":"scroll","background-type":"","background-media":"","overlay-type":"","overlay-color":"","overlay-opacity":"","overlay-gradient":""}},"footnotes":""},"class_list":["post-2655","page","type-page","status-publish","hentry"],"_links":{"self":[{"href":"https:\/\/islands4you.pt\/fr\/wp-json\/wp\/v2\/pages\/2655","targetHints":{"allow":["GET"]}}],"collection":[{"href":"https:\/\/islands4you.pt\/fr\/wp-json\/wp\/v2\/pages"}],"about":[{"href":"https:\/\/islands4you.pt\/fr\/wp-json\/wp\/v2\/types\/page"}],"author":[{"embeddable":true,"href":"https:\/\/islands4you.pt\/fr\/wp-json\/wp\/v2\/users\/2"}],"replies":[{"embeddable":true,"href":"https:\/\/islands4you.pt\/fr\/wp-json\/wp\/v2\/comments?post=2655"}],"version-history":[{"count":3,"href":"https:\/\/islands4you.pt\/fr\/wp-json\/wp\/v2\/pages\/2655\/revisions"}],"predecessor-version":[{"id":15909,"href":"https:\/\/islands4you.pt\/fr\/wp-json\/wp\/v2\/pages\/2655\/revisions\/15909"}],"wp:attachment":[{"href":"https:\/\/islands4you.pt\/fr\/wp-json\/wp\/v2\/media?parent=2655"}],"curies":[{"name":"wp","href":"https:\/\/api.w.org\/{rel}","templated":true}]}}