{"id":2889,"date":"2022-02-03T14:15:56","date_gmt":"2022-02-03T14:15:56","guid":{"rendered":"https:\/\/islands4you.pt\/?page_id=2889"},"modified":"2024-05-14T23:06:05","modified_gmt":"2024-05-14T23:06:05","slug":"politique-de-confidentialite","status":"publish","type":"page","link":"https:\/\/islands4you.pt\/fr\/politique-de-confidentialite\/","title":{"rendered":"Politique de Confidentialit\u00e9"},"content":{"rendered":"\n<p id=\"a-sua-privacidade-e-importante-para-nos-e-politica-da-islands-4-you-t-n-lda-respeitar-a-sua-privacidade-em-relacao-a-qualquer-informacao-sua-que-possamos-coletar-no-site-www-islands4you-pt-e-outros-sites-que-possuimos-e-operamos\">Votre vie priv\u00e9e est importante pour nous. C&rsquo;est la politique d&rsquo;Islands 4 you T.N. Lda. respecter votre vie priv\u00e9e en ce qui concerne toute information que nous pouvons collecter aupr\u00e8s de vous sur le site Web www.islands4you.pt et sur d&rsquo;autres sites Web que nous poss\u00e9dons et exploitons.<\/p>\n\n<p>Nous ne demandons des informations personnelles que lorsque nous en avons r\u00e9ellement besoin pour vous fournir un service. Nous le faisons par des moyens justes et l\u00e9gaux, avec votre connaissance et votre consentement. Nous vous expliquons \u00e9galement pourquoi nous les collectons et comment ils seront utilis\u00e9s.<\/p>\n\n<p>Nous ne conservons les informations collect\u00e9es que le temps n\u00e9cessaire pour fournir le service demand\u00e9. Lorsque nous stockons des donn\u00e9es, nous les prot\u00e9geons par des moyens commercialement acceptables pour emp\u00eacher la perte et le vol, ainsi que l&rsquo;acc\u00e8s, la divulgation, la copie, l&rsquo;utilisation ou la modification non autoris\u00e9s.<\/p>\n\n<p>Nous ne partageons pas d&rsquo;informations personnelles identifiables publiquement ou avec des tiers, sauf lorsque les autorit\u00e9s l&rsquo;exigent.<\/p>\n\n<p>Notre site Web peut contenir des liens vers des sites Web externes qui ne sont pas exploit\u00e9s par nous. Veuillez noter que nous n&rsquo;avons aucun contr\u00f4le sur le contenu et les pratiques de ces sites et ne pouvons \u00eatre responsables de leurs politiques de confidentialit\u00e9.<\/p>\n\n<p>Vous \u00eates libre de refuser notre demande de renseignements personnels, sachant que nous pourrions ne pas \u00eatre en mesure de vous fournir certains des services souhait\u00e9s.<\/p>\n\n<p>Votre utilisation continue de notre site Web sera consid\u00e9r\u00e9e comme une acceptation de nos pratiques en mati\u00e8re de confidentialit\u00e9 et d\u2019informations personnelles. Si vous avez des questions sur la mani\u00e8re dont nous traitons les donn\u00e9es que vous fournissez et les informations personnelles, veuillez nous contacter.<\/p>\n\n<h2 class=\"wp-block-heading\" id=\"politica-de-cookies\"><strong>Politique de cookies <\/strong><\/h2>\n\n<h3 class=\"wp-block-heading\" id=\"o-que-sao-cookies\"> <strong>Que sont les cookies ?<\/strong><\/h3>\n\n<p>Comme c&rsquo;est une pratique courante sur presque tous les sites Web professionnels, ce site utilise des cookies, qui sont de petits fichiers qui apparaissent sur votre ordinateur, pour am\u00e9liorer votre exp\u00e9rience. Cette page d\u00e9crit les informations qu&rsquo;ils collectent, comment nous les utilisons et pourquoi nous devons parfois stocker ces cookies. Nous vous expliquerons \u00e9galement comment vous pouvez emp\u00eacher le stockage de ces cookies, mais cela pourrait d\u00e9grader ou \u00ab casser \u00bb certains \u00e9l\u00e9ments des fonctionnalit\u00e9s du site.<\/p>\n\n<h3 class=\"wp-block-heading\">\u00a0<\/h3>\n\n<h3 class=\"wp-block-heading\" id=\"como-utilizamos-os-cookies\"><strong>Comment utilisons-nous les cookies ?<\/strong><\/h3>\n\n<p>Nous utilisons des cookies pour un certain nombre de raisons, d\u00e9taill\u00e9es ci-dessous. Malheureusement, dans la plupart des cas, il n&rsquo;existe aucune option standard de l&rsquo;industrie pour d\u00e9sactiver les cookies sans d\u00e9sactiver compl\u00e8tement les fonctionnalit\u00e9s et les caract\u00e9ristiques qu&rsquo;ils ajoutent \u00e0 ce site. Il est recommand\u00e9 de laisser tous les cookies si vous n&rsquo;\u00eates pas s\u00fbr d&rsquo;en avoir besoin ou non au cas o\u00f9 ils seraient utilis\u00e9s pour fournir un service que vous utilisez.<\/p>\n\n<h3 class=\"wp-block-heading\">\u00a0<\/h3>\n\n<h3 class=\"wp-block-heading\" id=\"desativar-cookies\"><strong>D\u00e9sactiver les cookies<\/strong><\/h3>\n\n<p>Vous pouvez emp\u00eacher l&rsquo;installation de cookies en ajustant les param\u00e8tres de votre navigateur (consultez l&rsquo;aide de votre navigateur pour savoir comment proc\u00e9der). Veuillez noter que la d\u00e9sactivation des cookies affectera la fonctionnalit\u00e9 de ce site et de nombreux autres sites Web que vous visitez. La d\u00e9sactivation des cookies entra\u00eenera g\u00e9n\u00e9ralement la d\u00e9sactivation de certaines fonctionnalit\u00e9s et caract\u00e9ristiques de ce site Web. Il est donc recommand\u00e9 de ne pas d\u00e9sactiver les cookies.<\/p>\n\n<h3 class=\"wp-block-heading\">\u00a0<\/h3>\n\n<h3 class=\"wp-block-heading\" id=\"cookies-que-definimos\"><strong>Cookies que nous d\u00e9finissons<\/strong><\/h3>\n\n<ul class=\"wp-block-list\"><li>Cookies li\u00e9s au traitement des commandes<br\/><br\/>Ce site propose des facilit\u00e9s de commerce \u00e9lectronique ou de paiement et certains cookies sont essentiels pour garantir que votre commande soit m\u00e9moris\u00e9e entre les pages afin que nous puissions la traiter correctement.<\/li><li>Cookies li\u00e9s \u00e0 la recherche<br\/><br\/>De temps en temps, nous proposons des enqu\u00eates et des questionnaires pour fournir des informations int\u00e9ressantes, des outils utiles ou pour mieux comprendre notre base d&rsquo;utilisateurs. Ces enqu\u00eates peuvent utiliser des cookies pour m\u00e9moriser qui a d\u00e9j\u00e0 particip\u00e9 \u00e0 une enqu\u00eate ou pour fournir des r\u00e9sultats pr\u00e9cis apr\u00e8s avoir chang\u00e9 de page.<\/li><li>Cookies li\u00e9s aux formulaires<br\/><br\/>Lorsque vous fournissez des donn\u00e9es via un formulaire tel que ceux trouv\u00e9s sur les pages de contact ou les formulaires de commentaires, des cookies peuvent \u00eatre d\u00e9finis pour m\u00e9moriser vos informations d&rsquo;utilisateur pour une correspondance future.<\/li><li>Cookies de pr\u00e9f\u00e9rence du site<br\/><br\/>Pour vous offrir une exp\u00e9rience exceptionnelle sur ce site, nous fournissons la fonctionnalit\u00e9 permettant de d\u00e9finir vos pr\u00e9f\u00e9rences quant au fonctionnement de ce site lorsque vous l&rsquo;utilisez. Pour m\u00e9moriser vos pr\u00e9f\u00e9rences, nous devons d\u00e9finir des cookies afin que ces informations puissent \u00eatre consult\u00e9es chaque fois que l&rsquo;interaction avec une page est affect\u00e9e par vos pr\u00e9f\u00e9rences.<\/li><\/ul>\n\n<h3 class=\"wp-block-heading\" id=\"cookies-de-terceiros\"><strong>Cookies tiers<\/strong><\/h3>\n\n<p>Dans certains cas particuliers, nous utilisons \u00e9galement des cookies fournis par des tiers de confiance. La section suivante d\u00e9taille les cookies tiers que vous pouvez rencontrer via ce site Web.<\/p>\n\n<ul class=\"wp-block-list\"><li>Ce site utilise Google Analytics, l&rsquo;une des solutions d&rsquo;analyse les plus r\u00e9pandues et les plus fiables sur le Web, pour nous aider \u00e0 comprendre comment vous utilisez le site et comment nous pouvons am\u00e9liorer votre exp\u00e9rience. Ces cookies peuvent suivre des \u00e9l\u00e9ments tels que le temps que vous passez sur le site et les pages que vous visitez afin que nous puissions continuer \u00e0 produire un contenu attrayant.<\/li><\/ul>\n\n<p>Pour plus d&rsquo;informations sur les cookies de Google Analytics, consultez la page officielle de Google Analytics.<\/p>\n\n<ul class=\"wp-block-list\"><li>Des analyses tierces sont utilis\u00e9es pour suivre et mesurer l&rsquo;utilisation de ce site afin que nous puissions continuer \u00e0 produire du contenu attrayant. Ces cookies peuvent suivre des \u00e9l\u00e9ments tels que le temps pass\u00e9 sur le site ou les pages visit\u00e9es, ce qui nous aide \u00e0 comprendre comment nous pouvons am\u00e9liorer le site.<\/li><li>P\u00e9riodiquement, nous testons de nouvelles fonctionnalit\u00e9s et apportons des modifications subtiles \u00e0 la fa\u00e7on dont le site appara\u00eet. Lorsque nous testons encore de nouvelles fonctionnalit\u00e9s, ces cookies peuvent \u00eatre utilis\u00e9s pour garantir que vous b\u00e9n\u00e9ficiez d&rsquo;une exp\u00e9rience coh\u00e9rente sur le site, tout en comprenant quelles optimisations nos utilisateurs appr\u00e9cient le plus.<\/li><li>Lorsque nous vendons des produits et des services, il est important que nous comprenions les statistiques sur le nombre de visiteurs de notre site Web qui ach\u00e8tent r\u00e9ellement. C&rsquo;est donc le type de donn\u00e9es que ces cookies suivent. Ceci est important pour vous car cela nous permet d\u2019\u00e9tablir avec pr\u00e9cision des pr\u00e9visions commerciales qui nous permettent d\u2019analyser nos co\u00fbts de publicit\u00e9 et de produits afin de garantir le meilleur prix possible.<\/li><\/ul>\n\n<h3 class=\"wp-block-heading\" id=\"compromisso-do-utilizador\"><strong>Engagement de l&rsquo;utilisateur<\/strong><\/h3>\n\n<p>L&rsquo;utilisateur s&rsquo;engage \u00e0 faire un usage appropri\u00e9 du contenu et des informations fournies par Islands 4 you T.N. Lda. propose sur son site internet et \u00e0 caract\u00e8re \u00e9nonciatif mais non limitatif :<\/p>\n\n<ul class=\"wp-block-list\"><li>A) Ne pas se livrer \u00e0 des activit\u00e9s ill\u00e9gales ou contraires \u00e0 la bonne foi et \u00e0 l&rsquo;ordre public ;<\/li><li>B) Ne pas diffuser de propagande ou de contenu \u00e0 caract\u00e8re raciste, x\u00e9nophobe, de jeux d&rsquo;argent, tout type de pornographie ill\u00e9gale, en soutien au terrorisme ou contre les droits de l&rsquo;homme ;<\/li><li>C) Ne causez pas de dommages aux syst\u00e8mes physiques (mat\u00e9riel) et logiques (logiciels) d&rsquo;Islands 4 you T.N. Lda., ses fournisseurs ou des tiers, pour introduire ou diffuser des virus informatiques ou tout autre syst\u00e8me mat\u00e9riel ou logiciel susceptible de causer les dommages susmentionn\u00e9s ;<\/li><\/ul>\n","protected":false},"excerpt":{"rendered":"<p>Votre vie priv\u00e9e est importante pour nous. C&rsquo;est la politique d&rsquo;Islands 4 you T.N. Lda. respecter votre vie priv\u00e9e en ce qui concerne toute information que nous pouvons collecter aupr\u00e8s de vous sur le site Web www.islands4you.pt et sur d&rsquo;autres sites Web que nous poss\u00e9dons et exploitons. Nous ne demandons des informations personnelles que lorsque [&hellip;]<\/p>\n","protected":false},"author":2,"featured_media":0,"parent":0,"menu_order":0,"comment_status":"closed","ping_status":"closed","template":"","meta":{"site-sidebar-layout":"default","site-content-layout":"","ast-site-content-layout":"default","site-content-style":"default","site-sidebar-style":"default","ast-global-header-display":"","ast-banner-title-visibility":"","ast-main-header-display":"","ast-hfb-above-header-display":"","ast-hfb-below-header-display":"","ast-hfb-mobile-header-display":"","site-post-title":"","ast-breadcrumbs-content":"","ast-featured-img":"","footer-sml-layout":"","ast-disable-related-posts":"","theme-transparent-header-meta":"","adv-header-id-meta":"","stick-header-meta":"","header-above-stick-meta":"","header-main-stick-meta":"","header-below-stick-meta":"","astra-migrate-meta-layouts":"default","ast-page-background-enabled":"default","ast-page-background-meta":{"desktop":{"background-color":"","background-image":"","background-repeat":"repeat","background-position":"center center","background-size":"auto","background-attachment":"scroll","background-type":"","background-media":"","overlay-type":"","overlay-color":"","overlay-opacity":"","overlay-gradient":""},"tablet":{"background-color":"","background-image":"","background-repeat":"repeat","background-position":"center center","background-size":"auto","background-attachment":"scroll","background-type":"","background-media":"","overlay-type":"","overlay-color":"","overlay-opacity":"","overlay-gradient":""},"mobile":{"background-color":"","background-image":"","background-repeat":"repeat","background-position":"center center","background-size":"auto","background-attachment":"scroll","background-type":"","background-media":"","overlay-type":"","overlay-color":"","overlay-opacity":"","overlay-gradient":""}},"ast-content-background-meta":{"desktop":{"background-color":"var(--ast-global-color-5)","background-image":"","background-repeat":"repeat","background-position":"center center","background-size":"auto","background-attachment":"scroll","background-type":"","background-media":"","overlay-type":"","overlay-color":"","overlay-opacity":"","overlay-gradient":""},"tablet":{"background-color":"var(--ast-global-color-5)","background-image":"","background-repeat":"repeat","background-position":"center center","background-size":"auto","background-attachment":"scroll","background-type":"","background-media":"","overlay-type":"","overlay-color":"","overlay-opacity":"","overlay-gradient":""},"mobile":{"background-color":"var(--ast-global-color-5)","background-image":"","background-repeat":"repeat","background-position":"center center","background-size":"auto","background-attachment":"scroll","background-type":"","background-media":"","overlay-type":"","overlay-color":"","overlay-opacity":"","overlay-gradient":""}},"footnotes":""},"class_list":["post-2889","page","type-page","status-publish","hentry"],"_links":{"self":[{"href":"https:\/\/islands4you.pt\/fr\/wp-json\/wp\/v2\/pages\/2889","targetHints":{"allow":["GET"]}}],"collection":[{"href":"https:\/\/islands4you.pt\/fr\/wp-json\/wp\/v2\/pages"}],"about":[{"href":"https:\/\/islands4you.pt\/fr\/wp-json\/wp\/v2\/types\/page"}],"author":[{"embeddable":true,"href":"https:\/\/islands4you.pt\/fr\/wp-json\/wp\/v2\/users\/2"}],"replies":[{"embeddable":true,"href":"https:\/\/islands4you.pt\/fr\/wp-json\/wp\/v2\/comments?post=2889"}],"version-history":[{"count":0,"href":"https:\/\/islands4you.pt\/fr\/wp-json\/wp\/v2\/pages\/2889\/revisions"}],"wp:attachment":[{"href":"https:\/\/islands4you.pt\/fr\/wp-json\/wp\/v2\/media?parent=2889"}],"curies":[{"name":"wp","href":"https:\/\/api.w.org\/{rel}","templated":true}]}}