{"id":5897,"date":"2022-02-04T13:26:58","date_gmt":"2022-02-04T13:26:58","guid":{"rendered":"https:\/\/islands4you.pt\/copyright-e-altri-diritti-di-proprieta\/"},"modified":"2024-05-14T21:58:38","modified_gmt":"2024-05-14T21:58:38","slug":"copyright-e-altri-diritti-di-proprieta","status":"publish","type":"page","link":"https:\/\/islands4you.pt\/it\/copyright-e-altri-diritti-di-proprieta\/","title":{"rendered":"Copyright e altri diritti di propriet\u00e0"},"content":{"rendered":"\n<p id=\"o-conteudo-deste-website-incluindo-marcas-desenhos-logotipos-texto-imagens-materiais-audio-e-de-video-e-propriedade-da-islands-4-you-turismo-e-natureza-lda-a-menos-que-indicado-de-outro-modo-atraves-de-uma-referencia-a-sua-fonte-e-esta-protegido-nos-termos-gerais-de-direito-e-pela-legislacao-nacional-e-internacional-de-protecao-da-propriedade-intelectual-nao-e-permitido-exibir-reproduzir-distribuir-modificar-transmitir-ou-usar-os-conteudos-de-forma-alguma-para-nenhum-proposito-publico-ou-comercial-sem-o-previo-e-expresso-consentimento-por-escrito\">Il contenuto di questo sito web, compresi marchi, disegni, loghi, testi, immagini, materiali audio e video, \u00e8 di propriet\u00e0 di Islands 4 You Turismo e Natureza, Lda, salvo diversa indicazione con riferimento alla sua fonte, ed \u00e8 protetto ai sensi delle condizioni generali di legge e della legislazione nazionale e internazionale per la protezione della Propriet\u00e0 Intellettuale. Non \u00e8 consentito visualizzare, riprodurre, distribuire, modificare, trasmettere o utilizzare i contenuti in qualsiasi modo, per qualsiasi scopo pubblico o commerciale senza il preventivo ed espresso consenso scritto.<\/p>\n\n<p>Tuttavia, \u00e8 possibile stampare qualsiasi estratto di materiale contenuto in questi siti a condizione che non venga alterato in alcun modo, sia per uso personale che non commerciale, inclusa la fonte e il copyright, e a condizione che nessun altro avviso di propriet\u00e0 venga rimosso.<\/p>\n","protected":false},"excerpt":{"rendered":"<p>Il contenuto di questo sito web, compresi marchi, disegni, loghi, testi, immagini, materiali audio e video, \u00e8 di propriet\u00e0 di Islands 4 You Turismo e Natureza, Lda, salvo diversa indicazione con riferimento alla sua fonte, ed \u00e8 protetto ai sensi delle condizioni generali di legge e della legislazione nazionale e internazionale per la protezione della [&hellip;]<\/p>\n","protected":false},"author":2,"featured_media":0,"parent":0,"menu_order":0,"comment_status":"closed","ping_status":"closed","template":"","meta":{"site-sidebar-layout":"default","site-content-layout":"","ast-site-content-layout":"default","site-content-style":"default","site-sidebar-style":"default","ast-global-header-display":"","ast-banner-title-visibility":"","ast-main-header-display":"","ast-hfb-above-header-display":"","ast-hfb-below-header-display":"","ast-hfb-mobile-header-display":"","site-post-title":"","ast-breadcrumbs-content":"","ast-featured-img":"","footer-sml-layout":"","ast-disable-related-posts":"","theme-transparent-header-meta":"","adv-header-id-meta":"","stick-header-meta":"","header-above-stick-meta":"","header-main-stick-meta":"","header-below-stick-meta":"","astra-migrate-meta-layouts":"default","ast-page-background-enabled":"default","ast-page-background-meta":{"desktop":{"background-color":"","background-image":"","background-repeat":"repeat","background-position":"center center","background-size":"auto","background-attachment":"scroll","background-type":"","background-media":"","overlay-type":"","overlay-color":"","overlay-opacity":"","overlay-gradient":""},"tablet":{"background-color":"","background-image":"","background-repeat":"repeat","background-position":"center center","background-size":"auto","background-attachment":"scroll","background-type":"","background-media":"","overlay-type":"","overlay-color":"","overlay-opacity":"","overlay-gradient":""},"mobile":{"background-color":"","background-image":"","background-repeat":"repeat","background-position":"center center","background-size":"auto","background-attachment":"scroll","background-type":"","background-media":"","overlay-type":"","overlay-color":"","overlay-opacity":"","overlay-gradient":""}},"ast-content-background-meta":{"desktop":{"background-color":"var(--ast-global-color-5)","background-image":"","background-repeat":"repeat","background-position":"center center","background-size":"auto","background-attachment":"scroll","background-type":"","background-media":"","overlay-type":"","overlay-color":"","overlay-opacity":"","overlay-gradient":""},"tablet":{"background-color":"var(--ast-global-color-5)","background-image":"","background-repeat":"repeat","background-position":"center center","background-size":"auto","background-attachment":"scroll","background-type":"","background-media":"","overlay-type":"","overlay-color":"","overlay-opacity":"","overlay-gradient":""},"mobile":{"background-color":"var(--ast-global-color-5)","background-image":"","background-repeat":"repeat","background-position":"center center","background-size":"auto","background-attachment":"scroll","background-type":"","background-media":"","overlay-type":"","overlay-color":"","overlay-opacity":"","overlay-gradient":""}},"footnotes":""},"class_list":["post-5897","page","type-page","status-publish","hentry"],"_links":{"self":[{"href":"https:\/\/islands4you.pt\/it\/wp-json\/wp\/v2\/pages\/5897","targetHints":{"allow":["GET"]}}],"collection":[{"href":"https:\/\/islands4you.pt\/it\/wp-json\/wp\/v2\/pages"}],"about":[{"href":"https:\/\/islands4you.pt\/it\/wp-json\/wp\/v2\/types\/page"}],"author":[{"embeddable":true,"href":"https:\/\/islands4you.pt\/it\/wp-json\/wp\/v2\/users\/2"}],"replies":[{"embeddable":true,"href":"https:\/\/islands4you.pt\/it\/wp-json\/wp\/v2\/comments?post=5897"}],"version-history":[{"count":0,"href":"https:\/\/islands4you.pt\/it\/wp-json\/wp\/v2\/pages\/5897\/revisions"}],"wp:attachment":[{"href":"https:\/\/islands4you.pt\/it\/wp-json\/wp\/v2\/media?parent=5897"}],"curies":[{"name":"wp","href":"https:\/\/api.w.org\/{rel}","templated":true}]}}