{"id":5974,"date":"2022-02-03T14:15:56","date_gmt":"2022-02-03T14:15:56","guid":{"rendered":"https:\/\/islands4you.pt\/informativa-sulla-privacy\/"},"modified":"2025-04-12T20:00:58","modified_gmt":"2025-04-12T20:00:58","slug":"informativa-sulla-privacy","status":"publish","type":"page","link":"https:\/\/islands4you.pt\/it\/informativa-sulla-privacy\/","title":{"rendered":"Informativa sulla privacy"},"content":{"rendered":"\n<p id=\"a-sua-privacidade-e-importante-para-nos-e-politica-da-islands-4-you-t-n-lda-respeitar-a-sua-privacidade-em-relacao-a-qualquer-informacao-sua-que-possamos-coletar-no-site-www-islands4you-pt-e-outros-sites-que-possuimos-e-operamos\">La tua privacy \u00e8 importante per noi. E &#8216;la politica di Islands 4 You T.N. Lda. Rispettare la privacy dell&#8217;utente in relazione a qualsiasi informazione che possiamo raccogliere dall&#8217;utente sul sito Web www.islands4you.pt e su altri siti Web di nostra propriet\u00e0 e gestione.<\/p>\n\n<p>Chiediamo informazioni personali solo quando ne abbiamo davvero bisogno per fornirti un servizio. Lo facciamo con mezzi equi e leciti, con la tua conoscenza e il tuo consenso. Ti spieghiamo anche perch\u00e9 li stiamo raccogliendo e come verranno utilizzati.<\/p>\n\n<p>Conserviamo le informazioni raccolte solo per il tempo necessario a fornire il servizio richiesto. Quando conserviamo i dati, li proteggiamo con mezzi commercialmente accettabili per prevenire la perdita e il furto, nonch\u00e9 l&#8217;accesso, la divulgazione, la copia, l&#8217;uso o la modifica non autorizzati.<\/p>\n\n<p>Non condividiamo informazioni di identificazione personale pubblicamente o con terze parti, ad eccezione di quanto richiesto dalle forze dell&#8217;ordine.<\/p>\n\n<p>Il nostro sito web pu\u00f2 contenere link a siti web esterni che non sono gestiti da noi. Si prega di notare che non abbiamo alcun controllo sul contenuto e sulle pratiche di tali siti e non possiamo essere responsabili delle loro politiche sulla privacy.<\/p>\n\n<p>L&#8217;utente \u00e8 libero di rifiutare la nostra richiesta di informazioni personali, con la consapevolezza che potremmo non essere in grado di fornire alcuni dei servizi desiderati.<\/p>\n\n<p>L&#8217;uso continuato del nostro sito Web sar\u00e0 considerato come accettazione delle nostre pratiche in materia di privacy e informazioni personali. In caso di domande su come gestiamo i dati forniti e le informazioni personali, si prega di contattarci.<\/p>\n\n<h2 class=\"wp-block-heading\" id=\"politica-de-cookies\"><strong>Politica dei cookie <\/strong><\/h2>\n\n<h3 class=\"wp-block-heading\" id=\"o-que-sao-cookies\"> <strong>Cosa sono i cookie?<\/strong><\/h3>\n\n<p>Come \u00e8 pratica comune con quasi tutti i siti web professionali, questo sito utilizza i cookie, che sono piccoli file che appaiono sul tuo computer, per migliorare la tua esperienza. Questa pagina descrive quali informazioni raccolgono, come le utilizziamo e perch\u00e9 a volte abbiamo bisogno di memorizzare questi cookie. Condivideremo anche come \u00e8 possibile impedire che questi cookie vengano memorizzati, tuttavia ci\u00f2 potrebbe ridurre o &#8220;interrompere&#8221; alcuni elementi della funzionalit\u00e0 del sito.<\/p>\n\n<h3 class=\"wp-block-heading\">\u00a0<\/h3>\n\n<h3 class=\"wp-block-heading\" id=\"como-utilizamos-os-cookies\"><strong>Come utilizziamo i cookie?<\/strong><\/h3>\n\n<p>Utilizziamo i cookie per una serie di motivi, descritti di seguito. Sfortunatamente, nella maggior parte dei casi, non ci sono opzioni standard del settore per disabilitare i cookie senza disabilitare completamente le funzionalit\u00e0 e le caratteristiche che aggiungono a questo sito web. Si consiglia di lasciare attivi tutti i cookie se non si \u00e8 sicuri di averne bisogno o meno se vengono utilizzati per fornire un servizio che si utilizza.<\/p>\n\n<h3 class=\"wp-block-heading\">\u00a0<\/h3>\n\n<h3 class=\"wp-block-heading\" id=\"desativar-cookies\"><strong>Disabilitazione dei cookie<\/strong><\/h3>\n\n<p>\u00c8 possibile impedire l&#8217;impostazione dei cookie modificando le impostazioni del browser (vedere la guida del browser per sapere come fare). Si prega di notare che la disabilitazione dei cookie influir\u00e0 sulla funzionalit\u00e0 di questo e di molti altri siti Web visitati. La disabilitazione dei cookie comporter\u00e0 generalmente la disabilitazione di alcune funzionalit\u00e0 e caratteristiche di questo sito web. Pertanto, si consiglia di non disabilitare i cookie.<\/p>\n\n<h3 class=\"wp-block-heading\">\u00a0<\/h3>\n\n<h3 class=\"wp-block-heading\" id=\"cookies-que-definimos\"><strong>Cookie che impostiamo<\/strong><\/h3>\n\n<ul class=\"wp-block-list\"><li>Cookie relativi all&#8217;elaborazione dell&#8217;ordine<br\/><br\/>Questo sito offre servizi di e-commerce o di pagamento e alcuni cookie sono essenziali per garantire che il tuo ordine venga ricordato tra le pagine in modo da poterlo elaborare correttamente.<\/li><li>Cookie relativi ai sondaggi<br\/><br\/>Di tanto in tanto, offriamo sondaggi e questionari per fornire informazioni interessanti, strumenti utili o per comprendere in modo pi\u00f9 accurato la nostra base di utenti. Questi sondaggi possono utilizzare i cookie per ricordare chi ha gi\u00e0 partecipato a un sondaggio o per fornire risultati accurati dopo aver cambiato pagina.<\/li><li>Cookie relativi ai moduli<br\/><br\/>Quando l&#8217;utente fornisce dati tramite un modulo, come quelli presenti nelle pagine di contatto o nei moduli di commento, i cookie possono essere impostati per ricordare i dati dell&#8217;utente per la corrispondenza futura.<\/li><li>Cookie per le preferenze del sito<br\/><br\/>Per offrirti un&#8217;ottima esperienza su questo sito Web, forniamo la funzionalit\u00e0 per impostare le tue preferenze su come funziona questo sito Web quando lo utilizzi. Per ricordare le tue preferenze, abbiamo bisogno di impostare i cookie in modo che queste informazioni possano essere richiamate ogni volta che l&#8217;interazione con una pagina \u00e8 influenzata dalle tue preferenze.<\/li><\/ul>\n\n<h3 class=\"wp-block-heading\" id=\"cookies-de-terceiros\"><strong>Cookie di terze parti<\/strong><\/h3>\n\n<p>In alcuni casi particolari, utilizziamo anche cookie forniti da terze parti di fiducia. La sezione seguente descrive in dettaglio quali cookie di terze parti \u00e8 possibile incontrare attraverso questo sito web.<\/p>\n\n<ul class=\"wp-block-list\"><li>Questo sito utilizza Google Analytics, che \u00e8 una delle soluzioni di analisi pi\u00f9 diffuse e affidabili sul web, per aiutarci a capire come utilizzi il sito e come possiamo migliorare la tua esperienza. Questi cookie possono tenere traccia di cose come il tempo che trascorri sul sito e le pagine che visiti, in modo da poter continuare a produrre contenuti accattivanti.<\/li><\/ul>\n\n<p>Per ulteriori informazioni sui cookie di Google Analytics, consultare la pagina ufficiale di Google Analytics.<\/p>\n\n<ul class=\"wp-block-list\"><li>Le analisi di terze parti vengono utilizzate per tracciare e misurare l&#8217;utilizzo di questo sito Web in modo da poter continuare a produrre contenuti accattivanti. Questi cookie possono tenere traccia di cose come il tempo che trascorri sul sito o le pagine che visiti, il che ci aiuta a capire come possiamo migliorare il sito.<\/li><li>Periodicamente, testiamo nuove funzionalit\u00e0 e apportiamo lievi modifiche al modo in cui il sito viene presentato. Quando stiamo ancora testando nuove funzionalit\u00e0, questi cookie possono essere utilizzati per garantire che tu riceva un&#8217;esperienza coerente mentre sei sul sito, comprendendo quali ottimizzazioni i nostri utenti apprezzano di pi\u00f9.<\/li><li>Quando vendiamo prodotti e servizi, \u00e8 importante per noi comprendere le statistiche sul numero di visitatori del nostro sito Web che acquistano effettivamente, e quindi questo \u00e8 il tipo di dati che questi cookie hanno tracciato. Questo \u00e8 importante per te, in quanto significa che possiamo fare previsioni commerciali accurate che ci consentono di analizzare i nostri costi pubblicitari e di prodotto per garantire il miglior prezzo possibile.<\/li><\/ul>\n\n<h3 class=\"wp-block-heading\" id=\"compromisso-do-utilizador\"><strong>Impegno dell&#8217;utente<\/strong><\/h3>\n\n<p>L&#8217;utente si impegna a fare un uso appropriato dei contenuti e delle informazioni che Islands 4 You T.N. Lda. Offre sul suo sito web e con carattere enunciativo, ma non limitativo:<\/p>\n\n<ul class=\"wp-block-list\"><li>A) Non intraprendere attivit\u00e0 illegali o contrarie alla buona fede e all&#8217;ordine pubblico;<\/li><li>B) Non diffondere propaganda o contenuti di pornografia razzista, xenofoba, di gioco d&#8217;azzardo o di qualsiasi tipo di pornografia illegale, a sostegno del terrorismo o contro i diritti umani;<\/li><li>C) Non causare danni ai sistemi fisici (hardware) e logici (software) di Islands 4 you T.N. Lda., dei suoi fornitori o di terzi, introdurre o diffondere virus informatici o qualsiasi altro sistema hardware o software in grado di causare i danni sopra menzionati;<\/li><\/ul>\n","protected":false},"excerpt":{"rendered":"<p>La tua privacy \u00e8 importante per noi. E &#8216;la politica di Islands 4 You T.N. Lda. Rispettare la privacy dell&#8217;utente in relazione a qualsiasi informazione che possiamo raccogliere dall&#8217;utente sul sito Web www.islands4you.pt e su altri siti Web di nostra propriet\u00e0 e gestione. Chiediamo informazioni personali solo quando ne abbiamo davvero bisogno per fornirti un [&hellip;]<\/p>\n","protected":false},"author":2,"featured_media":0,"parent":0,"menu_order":0,"comment_status":"closed","ping_status":"closed","template":"","meta":{"site-sidebar-layout":"default","site-content-layout":"","ast-site-content-layout":"default","site-content-style":"default","site-sidebar-style":"default","ast-global-header-display":"","ast-banner-title-visibility":"","ast-main-header-display":"","ast-hfb-above-header-display":"","ast-hfb-below-header-display":"","ast-hfb-mobile-header-display":"","site-post-title":"","ast-breadcrumbs-content":"","ast-featured-img":"","footer-sml-layout":"","ast-disable-related-posts":"","theme-transparent-header-meta":"","adv-header-id-meta":"","stick-header-meta":"","header-above-stick-meta":"","header-main-stick-meta":"","header-below-stick-meta":"","astra-migrate-meta-layouts":"default","ast-page-background-enabled":"default","ast-page-background-meta":{"desktop":{"background-color":"","background-image":"","background-repeat":"repeat","background-position":"center center","background-size":"auto","background-attachment":"scroll","background-type":"","background-media":"","overlay-type":"","overlay-color":"","overlay-opacity":"","overlay-gradient":""},"tablet":{"background-color":"","background-image":"","background-repeat":"repeat","background-position":"center center","background-size":"auto","background-attachment":"scroll","background-type":"","background-media":"","overlay-type":"","overlay-color":"","overlay-opacity":"","overlay-gradient":""},"mobile":{"background-color":"","background-image":"","background-repeat":"repeat","background-position":"center center","background-size":"auto","background-attachment":"scroll","background-type":"","background-media":"","overlay-type":"","overlay-color":"","overlay-opacity":"","overlay-gradient":""}},"ast-content-background-meta":{"desktop":{"background-color":"var(--ast-global-color-5)","background-image":"","background-repeat":"repeat","background-position":"center center","background-size":"auto","background-attachment":"scroll","background-type":"","background-media":"","overlay-type":"","overlay-color":"","overlay-opacity":"","overlay-gradient":""},"tablet":{"background-color":"var(--ast-global-color-5)","background-image":"","background-repeat":"repeat","background-position":"center center","background-size":"auto","background-attachment":"scroll","background-type":"","background-media":"","overlay-type":"","overlay-color":"","overlay-opacity":"","overlay-gradient":""},"mobile":{"background-color":"var(--ast-global-color-5)","background-image":"","background-repeat":"repeat","background-position":"center center","background-size":"auto","background-attachment":"scroll","background-type":"","background-media":"","overlay-type":"","overlay-color":"","overlay-opacity":"","overlay-gradient":""}},"footnotes":""},"class_list":["post-5974","page","type-page","status-publish","hentry"],"_links":{"self":[{"href":"https:\/\/islands4you.pt\/it\/wp-json\/wp\/v2\/pages\/5974","targetHints":{"allow":["GET"]}}],"collection":[{"href":"https:\/\/islands4you.pt\/it\/wp-json\/wp\/v2\/pages"}],"about":[{"href":"https:\/\/islands4you.pt\/it\/wp-json\/wp\/v2\/types\/page"}],"author":[{"embeddable":true,"href":"https:\/\/islands4you.pt\/it\/wp-json\/wp\/v2\/users\/2"}],"replies":[{"embeddable":true,"href":"https:\/\/islands4you.pt\/it\/wp-json\/wp\/v2\/comments?post=5974"}],"version-history":[{"count":2,"href":"https:\/\/islands4you.pt\/it\/wp-json\/wp\/v2\/pages\/5974\/revisions"}],"predecessor-version":[{"id":13761,"href":"https:\/\/islands4you.pt\/it\/wp-json\/wp\/v2\/pages\/5974\/revisions\/13761"}],"wp:attachment":[{"href":"https:\/\/islands4you.pt\/it\/wp-json\/wp\/v2\/media?parent=5974"}],"curies":[{"name":"wp","href":"https:\/\/api.w.org\/{rel}","templated":true}]}}