{"id":5982,"date":"2019-09-16T10:03:39","date_gmt":"2019-09-16T10:03:39","guid":{"rendered":"https:\/\/islands4you.pt\/chi-siamo\/"},"modified":"2025-05-23T23:26:35","modified_gmt":"2025-05-23T23:26:35","slug":"chi-siamo","status":"publish","type":"page","link":"https:\/\/islands4you.pt\/it\/chi-siamo\/","title":{"rendered":"Chi Siamo"},"content":{"rendered":"\t\t<div data-elementor-type=\"wp-page\" data-elementor-id=\"5982\" class=\"elementor elementor-5982 elementor-455\" data-elementor-post-type=\"page\">\n\t\t\t\t\t\t<section class=\"elementor-section elementor-top-section elementor-element elementor-element-d07fce8 elementor-section-boxed elementor-section-height-default elementor-section-height-default\" data-id=\"d07fce8\" data-element_type=\"section\" data-e-type=\"section\" data-settings=\"{&quot;background_background&quot;:&quot;classic&quot;}\">\n\t\t\t\t\t\t\t<div class=\"elementor-background-overlay\"><\/div>\n\t\t\t\t\t\t\t<div class=\"elementor-container elementor-column-gap-no\">\n\t\t\t\t\t<div class=\"elementor-column elementor-col-100 elementor-top-column elementor-element elementor-element-11b1460\" data-id=\"11b1460\" data-element_type=\"column\" data-e-type=\"column\">\n\t\t\t<div class=\"elementor-widget-wrap elementor-element-populated\">\n\t\t\t\t\t\t<div class=\"elementor-element elementor-element-d0411a2 elementor-widget-divider--view-line elementor-widget elementor-widget-divider\" data-id=\"d0411a2\" data-element_type=\"widget\" data-e-type=\"widget\" data-widget_type=\"divider.default\">\n\t\t\t\t\t\t\t<div class=\"elementor-divider\">\n\t\t\t<span class=\"elementor-divider-separator\">\n\t\t\t\t\t\t<\/span>\n\t\t<\/div>\n\t\t\t\t\t\t<\/div>\n\t\t\t\t<div class=\"elementor-element elementor-element-8391c01 elementor-widget elementor-widget-heading\" data-id=\"8391c01\" data-element_type=\"widget\" data-e-type=\"widget\" data-widget_type=\"heading.default\">\n\t\t\t\t\t<h1 class=\"elementor-heading-title elementor-size-default\">Chi siamo - Islands 4 You | Gite in barca a Faro<\/h1>\t\t\t\t<\/div>\n\t\t\t\t\t<\/div>\n\t\t<\/div>\n\t\t\t\t\t<\/div>\n\t\t<\/section>\n\t\t\t\t<section class=\"elementor-section elementor-top-section elementor-element elementor-element-98d7816 elementor-section-boxed elementor-section-height-default elementor-section-height-default\" data-id=\"98d7816\" data-element_type=\"section\" data-e-type=\"section\" data-settings=\"{&quot;background_background&quot;:&quot;classic&quot;}\">\n\t\t\t\t\t\t\t<div class=\"elementor-background-overlay\"><\/div>\n\t\t\t\t\t\t\t<div class=\"elementor-container elementor-column-gap-no\">\n\t\t\t\t\t<div class=\"elementor-column elementor-col-100 elementor-top-column elementor-element elementor-element-cd1267b\" data-id=\"cd1267b\" data-element_type=\"column\" data-e-type=\"column\">\n\t\t\t<div class=\"elementor-widget-wrap elementor-element-populated\">\n\t\t\t\t\t\t<div class=\"elementor-element elementor-element-3fc072d elementor-widget elementor-widget-heading\" data-id=\"3fc072d\" data-element_type=\"widget\" data-e-type=\"widget\" data-widget_type=\"heading.default\">\n\t\t\t\t\t<h2 class=\"elementor-heading-title elementor-size-default\">Isole 4 You | Ria formosa<\/h2>\t\t\t\t<\/div>\n\t\t\t\t<div class=\"elementor-element elementor-element-a45612a elementor-widget-divider--view-line elementor-widget elementor-widget-divider\" data-id=\"a45612a\" data-element_type=\"widget\" data-e-type=\"widget\" data-widget_type=\"divider.default\">\n\t\t\t\t\t\t\t<div class=\"elementor-divider\">\n\t\t\t<span class=\"elementor-divider-separator\">\n\t\t\t\t\t\t<\/span>\n\t\t<\/div>\n\t\t\t\t\t\t<\/div>\n\t\t\t\t<section class=\"elementor-section elementor-inner-section elementor-element elementor-element-23b2897 elementor-section-content-top elementor-section-boxed elementor-section-height-default elementor-section-height-default\" data-id=\"23b2897\" data-element_type=\"section\" data-e-type=\"section\">\n\t\t\t\t\t\t<div class=\"elementor-container elementor-column-gap-no\">\n\t\t\t\t\t<div class=\"elementor-column elementor-col-100 elementor-inner-column elementor-element elementor-element-d9051ab\" data-id=\"d9051ab\" data-element_type=\"column\" data-e-type=\"column\">\n\t\t\t<div class=\"elementor-widget-wrap elementor-element-populated\">\n\t\t\t\t\t\t<div class=\"elementor-element elementor-element-3e4b438 elementor-widget elementor-widget-text-editor\" data-id=\"3e4b438\" data-element_type=\"widget\" data-e-type=\"widget\" data-widget_type=\"text-editor.default\">\n\t\t\t\t\t\t\t\t\t<p style=\"text-align: justify;\">Siamo un \u201cazienda di ecoturismo a conduzione familiare che ti far\u00e0 vivere un\u201d esperienza unica in una delle 7 meraviglie naturali del Portogallo: il Parco Naturale di Ria Formosa.<\/p>\t\t\t\t\t\t\t\t<\/div>\n\t\t\t\t<div class=\"elementor-element elementor-element-dfc48a7 elementor-widget elementor-widget-text-editor\" data-id=\"dfc48a7\" data-element_type=\"widget\" data-e-type=\"widget\" data-widget_type=\"text-editor.default\">\n\t\t\t\t\t\t\t\t\t<p style=\"text-align: justify;\">Dal 2016 ci concentriamo sul turismo naturalistico e sull \u201cecoturismo, con un team di guide locali che sono professionisti esperti, accuratamente selezionati e appassionati della natura e dell\u201d ambiente che la circonda.<\/p>\t\t\t\t\t\t\t\t<\/div>\n\t\t\t\t<div class=\"elementor-element elementor-element-38ff67b elementor-widget elementor-widget-text-editor\" data-id=\"38ff67b\" data-element_type=\"widget\" data-e-type=\"widget\" data-widget_type=\"text-editor.default\">\n\t\t\t\t\t\t\t\t\t<p class=\"\" style=\"text-align: justify;\" data-start=\"358\" data-end=\"803\">Le <a href=\"https:\/\/islands4you.pt\/it\/tours\/\" target=\"_blank\" rel=\"noopener\">gite in barca a Faro<\/a> sono il cuore di tutto ci\u00f2 che facciamo a Islands 4 You. Con sede nell&#8217;affascinante e storica citt\u00e0 di Faro, la nostra missione \u00e8 quella di offrire gite in barca davvero memorabili e autentiche attraverso lo splendido Parco Naturale di Ria Formosa, una delle meraviglie naturali pi\u00f9 preziose del Portogallo. I nostri tour sono pensati per chi cerca qualcosa di pi\u00f9 di una semplice visita turistica. Offriamo esperienze coinvolgenti che combinano natura, cultura e rapporti personali.   <\/p><h3 data-start=\"805\" data-end=\"819\"> <\/h3><h3 class=\"\" style=\"text-align: justify;\" data-start=\"1495\" data-end=\"1536\"><span style=\"font-size: 14pt; color: #800000;\">Chi siamo<\/span><\/h3><p style=\"text-align: justify;\" data-start=\"805\" data-end=\"819\">Islands 4 You \u00e8 stata fondata con un semplice obiettivo: aiutare i viaggiatori a scoprire la vera magia dell \u201cAlgarve via mare. Siamo un\u201d azienda locale a conduzione familiare, appassionata della regione che chiamiamo casa. Il nostro equipaggio \u00e8 composto da professionisti esperti e amanti della natura, desiderosi di condividere la bellezza nascosta della Ria Formosa e delle sue isole con visitatori di tutto il mondo.  <\/p><p style=\"text-align: justify;\" data-start=\"805\" data-end=\"819\">A differenza dei grandi operatori, ci concentriamo su piccoli gruppi per garantire che ogni ospite riceva un \u201cattenzione personalizzata. Che tu sia una coppia in cerca di una fuga romantica, una famiglia in cerca di un\u201d avventura divertente o un viaggiatore solitario desideroso di esplorare, il nostro team si impegna a rendere speciale il tuo tempo in acqua. <\/p><h3 data-start=\"1495\" data-end=\"1536\"> <\/h3><h3 class=\"\" style=\"text-align: justify;\" data-start=\"1495\" data-end=\"1536\"><span style=\"font-size: 14pt; color: #800000;\">Cosa rende uniche le nostre gite in barca a Faro  <\/span><\/h3><p class=\"\" style=\"text-align: justify;\" data-start=\"1538\" data-end=\"1867\">La Ria Formosa \u00e8 un estuario di straordinaria biodiversit\u00e0 e serena bellezza. Ospita specie di uccelli protette, canali tranquilli, spiagge di sabbia bianca e villaggi di pescatori tradizionali. Le nostre gite in barca a Faro sono pensate per mettere in risalto la ricchezza di questo ambiente, offrendo al contempo un modo pacifico ed ecologico di esplorarlo.  <\/p><p class=\"\" style=\"text-align: justify;\" data-start=\"1869\" data-end=\"2352\">Ogni viaggio \u00e8 diverso. A seconda del periodo dell&#8217;anno e delle condizioni di marea, adattiamo i nostri itinerari per offrirti la migliore esperienza possibile. Puoi visitare la tranquilla isola di Culatra, con la sua incantevole comunit\u00e0 di pescatori, o fermarti alla quasi incontaminata Ilha Deserta, ideale per una passeggiata rilassante o un tuffo nelle acque cristalline. Durante le stagioni migratorie, spesso avvistiamo fenicotteri e altri uccelli rari, rendendo i nostri tour i preferiti dagli appassionati di birdwatching.   <\/p><p class=\"\" style=\"text-align: justify;\" data-start=\"2354\" data-end=\"2545\">Le nostre barche sono comode, sicure e ideali per una navigazione tranquilla e panoramica. Non troverai motori rumorosi o ponti affollati: solo navigazione tranquilla, conoscenza del territorio e genuina ospitalit\u00e0. <\/p><p data-start=\"2354\" data-end=\"2545\"> <\/p><h3 class=\"\" style=\"text-align: justify;\" data-start=\"1495\" data-end=\"1536\"><span style=\"font-size: 14pt; color: #800000;\">Migliaia di recensioni  <\/span><\/h3><p class=\"\" style=\"text-align: justify;\" data-start=\"2573\" data-end=\"2922\">Con migliaia di recensioni a cinque stelle su piattaforme come <a href=\"https:\/\/www.google.com\/search?sa=X&amp;sca_esv=1be3608af9439826&amp;authuser=0&amp;hl=pt-PT&amp;gl=pt&amp;tbm=lcl&amp;q=Islands+4+you+Cr%C3%ADticas&amp;rflfq=1&amp;num=20&amp;stick=H4sIAAAAAAAAAONgkxI2NzI1MDQ1Mza0NDIwMDaxNDGx2MDI-IpR3LM4JzEvpVjBRKEyv1TBuejw2pLM5MTiRay4ZADSiN_TTgAAAA&amp;rldimm=7250156319200349448&amp;ved=2ahUKEwjOsLPS3LqNAxVYRPEDHZhUMVgQ9fQKegQISxAF&amp;biw=1229&amp;bih=556&amp;dpr=1.56#lkt=LocalPoiReviews\" target=\"_blank\" rel=\"noopener\">Google<\/a>, <a href=\"https:\/\/www.tripadvisor.pt\/Attraction_Review-g189116-d10353300-Reviews-Islands_4_You-Faro_Faro_District_Algarve.html\" target=\"_blank\" rel=\"noopener\">TripAdvisor<\/a> e <a href=\"https:\/\/www.getyourguide.com\/pt-br\/algarve-l66\/faro-ria-formosa-passeio-de-barco-pelas-ilhas-faro-t64208\/?ranking_uuid=66f25a7e-c4d5-4e4e-8e1a-46c586af4a56\" target=\"_blank\" rel=\"noopener\">GetYourGuide,<\/a> Islands 4 You \u00e8 diventata una delle migliori opzioni per le gite in barca a Faro. Siamo orgogliosi della nostra reputazione di qualit\u00e0, onest\u00e0 e cordialit\u00e0. La maggior parte dei nostri ospiti ci conosce grazie al passaparola, tornando anno dopo anno o raccomandandoci ad amici e familiari.  <\/p><p class=\"\" style=\"text-align: justify;\" data-start=\"2924\" data-end=\"3090\">Ci\u00f2 che ci distingue non \u00e8 solo la bellezza naturale della Ria Formosa, ma anche il modo in cui ti facciamo sentire. I nostri ospiti ci dicono spesso che arrivano come clienti ma se ne vanno come amici. <\/p><h3 data-start=\"3092\" data-end=\"3133\"> <\/h3><h3 class=\"\" style=\"text-align: left;\" data-start=\"3092\" data-end=\"3133\"><span style=\"color: #800000; font-size: 14pt;\">Pi\u00f9 che un tour, un&#8217;esperienza locale  <\/span><\/h3><p class=\"\" style=\"text-align: justify;\" data-start=\"3135\" data-end=\"3471\">Noi di Islands 4 You crediamo che una gita in barca debba essere pi\u00f9 di una semplice passeggiata. Dovrebbe essere un \u201cesperienza culturale, un momento di pace e una connessione genuina con la natura e le persone. Ci prendiamo il tempo necessario per spiegare la storia delle isole, i modi di vita tradizionali e l\u201d importanza di preservare questo ecosistema per le generazioni future.  <\/p><p class=\"\" style=\"text-align: justify;\" data-start=\"3473\" data-end=\"3677\">Sosteniamo inoltre l&#8217;economia locale collaborando con fornitori regionali e consigliando ai nostri ospiti ristoranti e artigiani locali. Sostenibilit\u00e0 e autenticit\u00e0 sono valori che portiamo avanti in tutto ci\u00f2 che facciamo. <\/p><h3 data-start=\"3679\" data-end=\"3703\"> <\/h3><h3 class=\"\" style=\"text-align: justify;\" data-start=\"3679\" data-end=\"3703\"><span style=\"font-size: 14pt; color: #800000;\">Unisciti a noi in acqua<\/span><\/h3><p class=\"\" style=\"text-align: justify;\" data-start=\"3705\" data-end=\"3968\">Se sei alla ricerca di gite in barca da Faro che vadano oltre le solite rotte turistiche, Islands 4 You \u00e8 la scelta perfetta. Ti invitiamo a fuggire dalla folla, a sentire la brezza marina e a scoprire l \u201canima dell\u201d Algarve in un modo che solo una gita in barca pu\u00f2 offrire. <\/p><p class=\"\" style=\"text-align: justify;\" data-start=\"3970\" data-end=\"4064\">Ti mostriamo la bellezza della <a href=\"https:\/\/islands4you.pt\/it\/ria-formosa\/\" target=\"_blank\" rel=\"noopener\">Ria Formosa<\/a> attraverso gli occhi di chi la conosce e la ama meglio.<\/p>\t\t\t\t\t\t\t\t<\/div>\n\t\t\t\t\t<\/div>\n\t\t<\/div>\n\t\t\t\t\t<\/div>\n\t\t<\/section>\n\t\t\t\t\t<\/div>\n\t\t<\/div>\n\t\t\t\t\t<\/div>\n\t\t<\/section>\n\t\t\t\t<section class=\"elementor-section elementor-top-section elementor-element elementor-element-2a5d91d elementor-section-full_width elementor-section-height-default elementor-section-height-default\" data-id=\"2a5d91d\" data-element_type=\"section\" data-e-type=\"section\">\n\t\t\t\t\t\t<div class=\"elementor-container elementor-column-gap-no\">\n\t\t\t\t\t<div class=\"elementor-column elementor-col-100 elementor-top-column elementor-element elementor-element-19455f0b\" data-id=\"19455f0b\" data-element_type=\"column\" data-e-type=\"column\" data-settings=\"{&quot;background_background&quot;:&quot;classic&quot;}\">\n\t\t\t<div class=\"elementor-widget-wrap elementor-element-populated\">\n\t\t\t\t\t<div class=\"elementor-background-overlay\"><\/div>\n\t\t\t\t\t\t<div class=\"elementor-element elementor-element-1f2aff53 elementor-widget elementor-widget-spacer\" data-id=\"1f2aff53\" data-element_type=\"widget\" data-e-type=\"widget\" data-widget_type=\"spacer.default\">\n\t\t\t\t\t\t\t<div class=\"elementor-spacer\">\n\t\t\t<div class=\"elementor-spacer-inner\"><\/div>\n\t\t<\/div>\n\t\t\t\t\t\t<\/div>\n\t\t\t\t\t<\/div>\n\t\t<\/div>\n\t\t\t\t\t<\/div>\n\t\t<\/section>\n\t\t\t\t<section class=\"elementor-section elementor-top-section elementor-element elementor-element-07f109a elementor-section-boxed elementor-section-height-default elementor-section-height-default\" data-id=\"07f109a\" data-element_type=\"section\" data-e-type=\"section\" data-settings=\"{&quot;background_background&quot;:&quot;classic&quot;}\">\n\t\t\t\t\t\t<div class=\"elementor-container elementor-column-gap-no\">\n\t\t\t\t\t<div class=\"elementor-column elementor-col-100 elementor-top-column elementor-element elementor-element-b1cbb8e\" data-id=\"b1cbb8e\" data-element_type=\"column\" data-e-type=\"column\">\n\t\t\t<div class=\"elementor-widget-wrap elementor-element-populated\">\n\t\t\t\t\t\t<section class=\"elementor-section elementor-inner-section elementor-element elementor-element-24d88b2 elementor-section-boxed elementor-section-height-default elementor-section-height-default\" data-id=\"24d88b2\" data-element_type=\"section\" data-e-type=\"section\">\n\t\t\t\t\t\t<div class=\"elementor-container elementor-column-gap-no\">\n\t\t\t\t\t<div class=\"elementor-column elementor-col-16 elementor-inner-column elementor-element elementor-element-d850729\" data-id=\"d850729\" data-element_type=\"column\" data-e-type=\"column\">\n\t\t\t<div class=\"elementor-widget-wrap\">\n\t\t\t\t\t\t\t<\/div>\n\t\t<\/div>\n\t\t\t\t<div class=\"elementor-column elementor-col-66 elementor-inner-column elementor-element elementor-element-d324105\" data-id=\"d324105\" data-element_type=\"column\" data-e-type=\"column\">\n\t\t\t<div class=\"elementor-widget-wrap elementor-element-populated\">\n\t\t\t\t\t\t<div class=\"elementor-element elementor-element-c693b28 elementor-widget-divider--view-line elementor-widget elementor-widget-divider\" data-id=\"c693b28\" data-element_type=\"widget\" data-e-type=\"widget\" data-widget_type=\"divider.default\">\n\t\t\t\t\t\t\t<div class=\"elementor-divider\">\n\t\t\t<span class=\"elementor-divider-separator\">\n\t\t\t\t\t\t<\/span>\n\t\t<\/div>\n\t\t\t\t\t\t<\/div>\n\t\t\t\t<div class=\"elementor-element elementor-element-1916dec elementor-widget elementor-widget-heading\" data-id=\"1916dec\" data-element_type=\"widget\" data-e-type=\"widget\" data-widget_type=\"heading.default\">\n\t\t\t\t\t<h2 class=\"elementor-heading-title elementor-size-default\">La tua esperienza inizia qui<\/h2>\t\t\t\t<\/div>\n\t\t\t\t<div class=\"elementor-element elementor-element-fae0aa4 elementor-widget elementor-widget-text-editor\" data-id=\"fae0aa4\" data-element_type=\"widget\" data-e-type=\"widget\" data-widget_type=\"text-editor.default\">\n\t\t\t\t\t\t\t\t\t<p>Dai un&#8217;occhiata ai programmi pi\u00f9 popolari e intraprendi un&#8217;indelebile passione per l&#8217;acqua salata che superer\u00e0 tutte le tue aspettative!<\/p>\t\t\t\t\t\t\t\t<\/div>\n\t\t\t\t<div class=\"elementor-element elementor-element-fc3d523 elementor-align-center elementor-widget elementor-widget-button\" data-id=\"fc3d523\" data-element_type=\"widget\" data-e-type=\"widget\" data-widget_type=\"button.default\">\n\t\t\t\t\t\t\t\t\t\t<a class=\"elementor-button elementor-button-link elementor-size-sm\" href=\"https:\/\/islands4you.pt\/it\/tours\/\">\n\t\t\t\t\t\t<span class=\"elementor-button-content-wrapper\">\n\t\t\t\t\t\t\t\t\t<span class=\"elementor-button-text\">Programmi<\/span>\n\t\t\t\t\t<\/span>\n\t\t\t\t\t<\/a>\n\t\t\t\t\t\t\t\t<\/div>\n\t\t\t\t\t<\/div>\n\t\t<\/div>\n\t\t\t\t<div class=\"elementor-column elementor-col-16 elementor-inner-column elementor-element elementor-element-7ae5e6f\" data-id=\"7ae5e6f\" data-element_type=\"column\" data-e-type=\"column\">\n\t\t\t<div class=\"elementor-widget-wrap\">\n\t\t\t\t\t\t\t<\/div>\n\t\t<\/div>\n\t\t\t\t\t<\/div>\n\t\t<\/section>\n\t\t\t\t\t<\/div>\n\t\t<\/div>\n\t\t\t\t\t<\/div>\n\t\t<\/section>\n\t\t\t\t<\/div>\n\t\t","protected":false},"excerpt":{"rendered":"<p>Chi siamo &#8211; Islands 4 You | Gite in barca a Faro Isole 4 You | Ria formosa Siamo un \u201cazienda di ecoturismo a conduzione familiare che ti far\u00e0 vivere un\u201d esperienza unica in una delle 7 meraviglie naturali del Portogallo: il Parco Naturale di Ria Formosa. Dal 2016 ci concentriamo sul turismo naturalistico e [&hellip;]<\/p>\n","protected":false},"author":2,"featured_media":0,"parent":0,"menu_order":0,"comment_status":"closed","ping_status":"closed","template":"","meta":{"site-sidebar-layout":"no-sidebar","site-content-layout":"page-builder","ast-site-content-layout":"default","site-content-style":"default","site-sidebar-style":"default","ast-global-header-display":"","ast-banner-title-visibility":"","ast-main-header-display":"","ast-hfb-above-header-display":"","ast-hfb-below-header-display":"","ast-hfb-mobile-header-display":"","site-post-title":"disabled","ast-breadcrumbs-content":"disabled","ast-featured-img":"disabled","footer-sml-layout":"","ast-disable-related-posts":"","theme-transparent-header-meta":"enabled","adv-header-id-meta":"","stick-header-meta":"","header-above-stick-meta":"","header-main-stick-meta":"","header-below-stick-meta":"","astra-migrate-meta-layouts":"default","ast-page-background-enabled":"default","ast-page-background-meta":{"desktop":{"background-color":"","background-image":"","background-repeat":"repeat","background-position":"center center","background-size":"auto","background-attachment":"scroll","background-type":"","background-media":"","overlay-type":"","overlay-color":"","overlay-opacity":"","overlay-gradient":""},"tablet":{"background-color":"","background-image":"","background-repeat":"repeat","background-position":"center center","background-size":"auto","background-attachment":"scroll","background-type":"","background-media":"","overlay-type":"","overlay-color":"","overlay-opacity":"","overlay-gradient":""},"mobile":{"background-color":"","background-image":"","background-repeat":"repeat","background-position":"center center","background-size":"auto","background-attachment":"scroll","background-type":"","background-media":"","overlay-type":"","overlay-color":"","overlay-opacity":"","overlay-gradient":""}},"ast-content-background-meta":{"desktop":{"background-color":"var(--ast-global-color-5)","background-image":"","background-repeat":"repeat","background-position":"center center","background-size":"auto","background-attachment":"scroll","background-type":"","background-media":"","overlay-type":"","overlay-color":"","overlay-opacity":"","overlay-gradient":""},"tablet":{"background-color":"var(--ast-global-color-5)","background-image":"","background-repeat":"repeat","background-position":"center center","background-size":"auto","background-attachment":"scroll","background-type":"","background-media":"","overlay-type":"","overlay-color":"","overlay-opacity":"","overlay-gradient":""},"mobile":{"background-color":"var(--ast-global-color-5)","background-image":"","background-repeat":"repeat","background-position":"center center","background-size":"auto","background-attachment":"scroll","background-type":"","background-media":"","overlay-type":"","overlay-color":"","overlay-opacity":"","overlay-gradient":""}},"footnotes":""},"class_list":["post-5982","page","type-page","status-publish","hentry"],"_links":{"self":[{"href":"https:\/\/islands4you.pt\/it\/wp-json\/wp\/v2\/pages\/5982","targetHints":{"allow":["GET"]}}],"collection":[{"href":"https:\/\/islands4you.pt\/it\/wp-json\/wp\/v2\/pages"}],"about":[{"href":"https:\/\/islands4you.pt\/it\/wp-json\/wp\/v2\/types\/page"}],"author":[{"embeddable":true,"href":"https:\/\/islands4you.pt\/it\/wp-json\/wp\/v2\/users\/2"}],"replies":[{"embeddable":true,"href":"https:\/\/islands4you.pt\/it\/wp-json\/wp\/v2\/comments?post=5982"}],"version-history":[{"count":3,"href":"https:\/\/islands4you.pt\/it\/wp-json\/wp\/v2\/pages\/5982\/revisions"}],"predecessor-version":[{"id":15912,"href":"https:\/\/islands4you.pt\/it\/wp-json\/wp\/v2\/pages\/5982\/revisions\/15912"}],"wp:attachment":[{"href":"https:\/\/islands4you.pt\/it\/wp-json\/wp\/v2\/media?parent=5982"}],"curies":[{"name":"wp","href":"https:\/\/api.w.org\/{rel}","templated":true}]}}